{"id":164,"date":"2023-06-13T17:26:18","date_gmt":"2023-06-13T17:26:18","guid":{"rendered":"https:\/\/rsjmt.com\/?page_id=164"},"modified":"2025-10-27T22:33:41","modified_gmt":"2025-10-27T22:33:41","slug":"contacto","status":"publish","type":"page","link":"https:\/\/rsjmt.com\/en\/contacto\/","title":{"rendered":"Contact us"},"content":{"rendered":"\n<div class=\"wp-block-group has-background is-layout-constrained wp-block-group-is-layout-constrained\" style=\"background:linear-gradient(135deg,rgb(10,47,91) 28%,rgb(204,3,3) 100%)\">\n<div class=\"wp-block-group is-layout-constrained wp-container-core-group-is-layout-6141fbbf wp-block-group-is-layout-constrained\">\n<h1 class=\"wp-block-heading has-text-align-center\"><mark style=\"background-color:rgba(0, 0, 0, 0);color:#ffffff\" class=\"has-inline-color\">Cont\u00e1ctenos<\/mark><\/h1>\n\n\n\n<div class=\"wp-block-group is-layout-constrained wp-container-core-group-is-layout-41c06ba8 wp-block-group-is-layout-constrained\">\n<p class=\"has-text-align-center\"><mark style=\"background-color:rgba(0, 0, 0, 0);color:#ffffff\" class=\"has-inline-color\">Para consultas o m\u00e1s informaci\u00f3n sobre nuestros servicios, no dudes en contactarnos; estamos aqu\u00ed para ayudarte.<\/mark><\/p>\n<\/div>\n<\/div>\n\n\n\n<div class=\"wp-block-group has-border-color has-light-color-background-color has-background is-horizontal is-content-justification-center is-layout-flex wp-container-core-group-is-layout-51a5e362 wp-block-group-is-layout-flex\" style=\"border-color:#ffffff;border-width:1px;border-radius:19px;padding-top:4px;padding-right:4px;padding-bottom:4px;padding-left:4px\">\n<div class=\"wp-block-group has-custom-blue-color-background-color has-background is-vertical is-nowrap is-layout-flex wp-container-core-group-is-layout-a8e2c250 wp-block-group-is-layout-flex\" style=\"border-radius:16px\">\n<div class=\"wp-block-group is-layout-constrained wp-container-core-group-is-layout-6141fbbf wp-block-group-is-layout-constrained\">\n<h4 class=\"wp-block-heading has-text-align-center\"><mark style=\"background-color:rgba(0, 0, 0, 0);color:#ffffff\" class=\"has-inline-color\"><strong>Ponte en Contacto<\/strong><\/mark><\/h4>\n\n\n\n<p class=\"has-medium-font-size\"><mark style=\"background-color:rgba(0, 0, 0, 0);color:#ffffff\" class=\"has-inline-color\">Estamos aqu\u00ed para responder tus preguntas y escuchar tus sugerencias.<\/mark><\/p>\n<\/div>\n\n\n\n<div class=\"wp-block-group has-light-color-color has-text-color has-link-color wp-elements-e3d26620609fb93e61b9dcb89cbd14ea is-layout-constrained wp-container-core-group-is-layout-334a2726 wp-block-group-is-layout-constrained\">\n<p class=\"has-large-font-size\"><strong>Florida, USA<br>Medell\u00edn, Colombia<\/strong><\/p>\n\n\n\n<p class=\"\">+1 954-865-2980<br>+57 315 322 6209<\/p>\n\n\n\n<p class=\"\">info@rsjmt.com<\/p>\n<\/div>\n<\/div>\n<\/div>\n\n\n<style id=\"wpforms-css-vars-725-block-5be6df00-37d5-4d93-930c-0e1c6dfd61c6\">\n\t\t\t\t#wpforms-725.wpforms-block-5be6df00-37d5-4d93-930c-0e1c6dfd61c6 {\n\t\t\t\t--wpforms-label-color: #ffffff;\n--wpforms-label-sublabel-color: #FFFFFF;\n--wpforms-field-text-color: #2F2F2F;\n--wpforms-field-size-input-height: 43px;\n--wpforms-field-size-input-spacing: 15px;\n--wpforms-field-size-font-size: 16px;\n--wpforms-field-size-line-height: 19px;\n--wpforms-field-size-padding-h: 14px;\n--wpforms-field-size-checkbox-size: 16px;\n--wpforms-field-size-sublabel-spacing: 5px;\n--wpforms-field-size-icon-size: 1;\n--wpforms-label-size-font-size: 16px;\n--wpforms-label-size-line-height: 19px;\n--wpforms-label-size-sublabel-font-size: 14px;\n--wpforms-label-size-sublabel-line-height: 17px;\n--wpforms-button-size-font-size: 17px;\n--wpforms-button-size-height: 41px;\n--wpforms-button-size-padding-h: 15px;\n--wpforms-button-size-margin-top: 10px;\n\t\t\t}\n\t\t\t<\/style><div class=\"wpforms-container wpforms-container-full wpforms-block wpforms-block-5be6df00-37d5-4d93-930c-0e1c6dfd61c6 wpforms-render-modern\" id=\"wpforms-725\"><form id=\"wpforms-form-725\" class=\"wpforms-validate wpforms-form wpforms-ajax-form\" data-formid=\"725\" method=\"post\" enctype=\"multipart\/form-data\" action=\"\/en\/wp-json\/wp\/v2\/pages\/164\" data-token=\"1b945d257fc373b430adb01d2f47d1b5\" data-token-time=\"1776955771\"><noscript class=\"wpforms-error-noscript\">Please enable JavaScript in your browser to complete this form.<\/noscript><div id=\"wpforms-error-noscript\" style=\"display: none;\">Please enable JavaScript in your browser to complete this form.<\/div><div class=\"wpforms-field-container\"><div id=\"wpforms-725-field_2-container\" class=\"wpforms-field wpforms-field-name\" data-field-id=\"2\"><label class=\"wpforms-field-label\" for=\"wpforms-725-field_2\">Nombre <span class=\"wpforms-required-label\" aria-hidden=\"true\">*<\/span><\/label><input type=\"text\" id=\"wpforms-725-field_2\" class=\"wpforms-field-large wpforms-field-required\" name=\"wpforms[fields][2]\" aria-errormessage=\"wpforms-725-field_2-error\" required><\/div><div id=\"wpforms-725-field_3-container\" class=\"wpforms-field wpforms-field-email\" data-field-id=\"3\"><label class=\"wpforms-field-label\" for=\"wpforms-725-field_3\">Email <span class=\"wpforms-required-label\" aria-hidden=\"true\">*<\/span><\/label><input type=\"email\" id=\"wpforms-725-field_3\" class=\"wpforms-field-large wpforms-field-required\" name=\"wpforms[fields][3]\" spellcheck=\"false\" aria-errormessage=\"wpforms-725-field_3-error\" required><\/div><div id=\"wpforms-725-field_4-container\" class=\"wpforms-field wpforms-field-number\" data-field-id=\"4\"><label class=\"wpforms-field-label\" for=\"wpforms-725-field_4\">N\u00famero de tel\u00e9fono<\/label><input type=\"number\" id=\"wpforms-725-field_4\" class=\"wpforms-field-small\" name=\"wpforms[fields][4]\" step=\"any\" aria-errormessage=\"wpforms-725-field_4-error\" ><\/div>\t\t<div id=\"wpforms-725-field_1-container\"\n\t\t\tclass=\"wpforms-field wpforms-field-text\"\n\t\t\tdata-field-type=\"text\"\n\t\t\tdata-field-id=\"1\"\n\t\t\t>\n\t\t\t<label class=\"wpforms-field-label\" for=\"wpforms-725-field_1\" >Ingresa tu mensaje<\/label>\n\t\t\t<input type=\"text\" id=\"wpforms-725-field_1\" class=\"wpforms-field-medium\" name=\"wpforms[fields][1]\" >\n\t\t<\/div>\n\t\t<div id=\"wpforms-725-field_5-container\" class=\"wpforms-field wpforms-field-textarea\" data-field-id=\"5\"><label class=\"wpforms-field-label\" for=\"wpforms-725-field_5\">Ingresa tu mensaje<\/label><textarea id=\"wpforms-725-field_5\" class=\"wpforms-field-medium\" name=\"wpforms[fields][5]\" aria-errormessage=\"wpforms-725-field_5-error\" ><\/textarea><\/div><script>\n\t\t\t\t( function() {\n\t\t\t\t\tconst style = document.createElement( 'style' );\n\t\t\t\t\tstyle.appendChild( document.createTextNode( '#wpforms-725-field_1-container { position: absolute !important; overflow: hidden !important; display: inline !important; height: 1px !important; width: 1px !important; z-index: -1000 !important; padding: 0 !important; } #wpforms-725-field_1-container input { visibility: hidden; } #wpforms-conversational-form-page #wpforms-725-field_1-container label { counter-increment: none; }' ) );\n\t\t\t\t\tdocument.head.appendChild( style );\n\t\t\t\t\tdocument.currentScript?.remove();\n\t\t\t\t} )();\n\t\t\t<\/script><\/div><!-- .wpforms-field-container --><div class=\"wpforms-submit-container\" ><input type=\"hidden\" name=\"wpforms[id]\" value=\"725\"><input type=\"hidden\" name=\"page_title\" value=\"\"><input type=\"hidden\" name=\"page_url\" value=\"https:\/\/rsjmt.com\/en\/wp-json\/wp\/v2\/pages\/164\"><input type=\"hidden\" name=\"url_referer\" value=\"\"><button type=\"submit\" name=\"wpforms[submit]\" id=\"wpforms-submit-725\" class=\"wpforms-submit\" data-alt-text=\"Sending...\" data-submit-text=\"Submit\" aria-live=\"assertive\" value=\"wpforms-submit\">Submit<\/button><img loading=\"lazy\" decoding=\"async\" src=\"https:\/\/rsjmt.com\/wp-content\/plugins\/wpforms-lite\/assets\/images\/submit-spin.svg\" class=\"wpforms-submit-spinner\" style=\"display: none;\" width=\"26\" height=\"26\" alt=\"Loading\"><\/div><\/form><\/div>  <!-- .wpforms-container --><\/div>\n\n\n\n<div class=\"wp-block-group is-layout-constrained wp-container-core-group-is-layout-97829e9f wp-block-group-is-layout-constrained\" style=\"padding-right:var(--wp--preset--spacing--40);padding-left:var(--wp--preset--spacing--40)\">\n<p class=\"has-text-align-center\"><strong><mark style=\"background-color:rgba(0, 0, 0, 0)\" class=\"has-inline-color has-custom-blue-color-color\">Estamos Ubicados en los Estados Unidos y en Colombia<\/mark><\/strong><\/p>\n<\/div>\n\n\n\n<div class=\"wp-block-group is-content-justification-center is-nowrap is-layout-flex wp-container-core-group-is-layout-ba61e9b7 wp-block-group-is-layout-flex\" style=\"padding-right:var(--wp--preset--spacing--40);padding-left:var(--wp--preset--spacing--40)\">\n<figure class=\"wp-block-image size-full is-resized\"><img data-recalc-dims=\"1\" loading=\"lazy\" decoding=\"async\" width=\"604\" height=\"384\" src=\"https:\/\/i0.wp.com\/rsjmt.com\/wp-content\/uploads\/2024\/10\/us-map.png?resize=604%2C384&#038;ssl=1\" alt=\"\" class=\"wp-image-722\" style=\"width:231px;height:auto\" srcset=\"https:\/\/i0.wp.com\/rsjmt.com\/wp-content\/uploads\/2024\/10\/us-map.png?w=604&amp;ssl=1 604w, https:\/\/i0.wp.com\/rsjmt.com\/wp-content\/uploads\/2024\/10\/us-map.png?resize=300%2C191&amp;ssl=1 300w\" sizes=\"auto, (max-width: 604px) 100vw, 604px\" \/><\/figure>\n\n\n\n<p class=\"has-text-align-center\">RSJ USA<\/p>\n<\/div>\n\n\n\n<div class=\"wp-block-group is-content-justification-center is-nowrap is-layout-flex wp-container-core-group-is-layout-9aae6ca3 wp-block-group-is-layout-flex\" style=\"padding-right:var(--wp--preset--spacing--50);padding-left:var(--wp--preset--spacing--50)\">\n<figure class=\"wp-block-image size-full is-resized\"><img data-recalc-dims=\"1\" loading=\"lazy\" decoding=\"async\" width=\"239\" height=\"325\" src=\"https:\/\/i0.wp.com\/rsjmt.com\/wp-content\/uploads\/2024\/10\/colombia-map.png?resize=239%2C325&#038;ssl=1\" alt=\"\" class=\"wp-image-723\" style=\"width:175px;height:auto\" srcset=\"https:\/\/i0.wp.com\/rsjmt.com\/wp-content\/uploads\/2024\/10\/colombia-map.png?w=239&amp;ssl=1 239w, https:\/\/i0.wp.com\/rsjmt.com\/wp-content\/uploads\/2024\/10\/colombia-map.png?resize=221%2C300&amp;ssl=1 221w\" sizes=\"auto, (max-width: 239px) 100vw, 239px\" \/><\/figure>\n\n\n\n<p class=\"has-text-align-center\">RSJ SAS COLOMBIA<\/p>\n<\/div>\n","protected":false},"excerpt":{"rendered":"<p>Cont\u00e1ctenos Para consultas o m\u00e1s informaci\u00f3n sobre nuestros servicios, no dudes en contactarnos; estamos aqu\u00ed para ayudarte. Ponte en Contacto Estamos aqu\u00ed para responder tus preguntas y escuchar tus sugerencias. Florida, USAMedell\u00edn, Colombia +1 954-865-2980+57 315 322 6209 info@rsjmt.com Estamos Ubicados en los Estados Unidos y en Colombia RSJ USA RSJ SAS COLOMBIA<\/p>","protected":false},"author":1,"featured_media":0,"parent":0,"menu_order":0,"comment_status":"closed","ping_status":"closed","template":"","meta":{"nf_dc_page":"","footnotes":""},"class_list":["post-164","page","type-page","status-publish","hentry"],"yoast_head":"<!-- This site is optimized with the Yoast SEO plugin v27.4 - https:\/\/yoast.com\/product\/yoast-seo-wordpress\/ -->\n<title>Contacto -<\/title>\n<meta name=\"robots\" content=\"index, follow, max-snippet:-1, max-image-preview:large, max-video-preview:-1\" \/>\n<link rel=\"canonical\" href=\"https:\/\/rsjmt.com\/en\/contacto\/\" \/>\n<meta property=\"og:locale\" content=\"en_US\" \/>\n<meta property=\"og:type\" content=\"article\" \/>\n<meta property=\"og:title\" content=\"Contacto -\" \/>\n<meta property=\"og:description\" content=\"Cont\u00e1ctenos Para consultas o m\u00e1s informaci\u00f3n sobre nuestros servicios, no dudes en contactarnos; estamos aqu\u00ed para ayudarte. Ponte en Contacto Estamos aqu\u00ed para responder tus preguntas y escuchar tus sugerencias. Florida, USAMedell\u00edn, Colombia +1 954-865-2980+57 315 322 6209 info@rsjmt.com Estamos Ubicados en los Estados Unidos y en Colombia RSJ USA RSJ SAS COLOMBIA\" \/>\n<meta property=\"og:url\" content=\"https:\/\/rsjmt.com\/en\/contacto\/\" \/>\n<meta property=\"article:publisher\" content=\"https:\/\/www.facebook.com\/profile.php?id=100063705067239\" \/>\n<meta property=\"article:modified_time\" content=\"2025-10-27T22:33:41+00:00\" \/>\n<meta property=\"og:image\" content=\"https:\/\/rsjmt.com\/wp-content\/uploads\/2024\/10\/us-map.png\" \/>\n<meta name=\"twitter:card\" content=\"summary_large_image\" \/>\n<meta name=\"twitter:label1\" content=\"Est. reading time\" \/>\n\t<meta name=\"twitter:data1\" content=\"1 minute\" \/>\n<script type=\"application\/ld+json\" class=\"yoast-schema-graph\">{\"@context\":\"https:\\\/\\\/schema.org\",\"@graph\":[{\"@type\":\"WebPage\",\"@id\":\"https:\\\/\\\/rsjmt.com\\\/contacto\\\/\",\"url\":\"https:\\\/\\\/rsjmt.com\\\/contacto\\\/\",\"name\":\"Contacto -\",\"isPartOf\":{\"@id\":\"https:\\\/\\\/rsjmt.com\\\/#website\"},\"primaryImageOfPage\":{\"@id\":\"https:\\\/\\\/rsjmt.com\\\/contacto\\\/#primaryimage\"},\"image\":{\"@id\":\"https:\\\/\\\/rsjmt.com\\\/contacto\\\/#primaryimage\"},\"thumbnailUrl\":\"https:\\\/\\\/rsjmt.com\\\/wp-content\\\/uploads\\\/2024\\\/10\\\/us-map.png\",\"datePublished\":\"2023-06-13T17:26:18+00:00\",\"dateModified\":\"2025-10-27T22:33:41+00:00\",\"breadcrumb\":{\"@id\":\"https:\\\/\\\/rsjmt.com\\\/contacto\\\/#breadcrumb\"},\"inLanguage\":\"en-US\",\"potentialAction\":[{\"@type\":\"ReadAction\",\"target\":[\"https:\\\/\\\/rsjmt.com\\\/contacto\\\/\"]}]},{\"@type\":\"ImageObject\",\"inLanguage\":\"en-US\",\"@id\":\"https:\\\/\\\/rsjmt.com\\\/contacto\\\/#primaryimage\",\"url\":\"https:\\\/\\\/rsjmt.com\\\/wp-content\\\/uploads\\\/2024\\\/10\\\/us-map.png\",\"contentUrl\":\"https:\\\/\\\/rsjmt.com\\\/wp-content\\\/uploads\\\/2024\\\/10\\\/us-map.png\"},{\"@type\":\"BreadcrumbList\",\"@id\":\"https:\\\/\\\/rsjmt.com\\\/contacto\\\/#breadcrumb\",\"itemListElement\":[{\"@type\":\"ListItem\",\"position\":1,\"name\":\"Home\",\"item\":\"https:\\\/\\\/rsjmt.com\\\/\"},{\"@type\":\"ListItem\",\"position\":2,\"name\":\"Contacto\"}]},{\"@type\":\"WebSite\",\"@id\":\"https:\\\/\\\/rsjmt.com\\\/#website\",\"url\":\"https:\\\/\\\/rsjmt.com\\\/\",\"name\":\"https:\\\/\\\/www.rsjmt.com\",\"description\":\"\",\"publisher\":{\"@id\":\"https:\\\/\\\/rsjmt.com\\\/#organization\"},\"potentialAction\":[{\"@type\":\"SearchAction\",\"target\":{\"@type\":\"EntryPoint\",\"urlTemplate\":\"https:\\\/\\\/rsjmt.com\\\/?s={search_term_string}\"},\"query-input\":{\"@type\":\"PropertyValueSpecification\",\"valueRequired\":true,\"valueName\":\"search_term_string\"}}],\"inLanguage\":\"en-US\"},{\"@type\":\"Organization\",\"@id\":\"https:\\\/\\\/rsjmt.com\\\/#organization\",\"name\":\"RSJ Manangement\",\"url\":\"https:\\\/\\\/rsjmt.com\\\/\",\"logo\":{\"@type\":\"ImageObject\",\"inLanguage\":\"en-US\",\"@id\":\"https:\\\/\\\/rsjmt.com\\\/#\\\/schema\\\/logo\\\/image\\\/\",\"url\":\"https:\\\/\\\/i0.wp.com\\\/rsjmt.com\\\/wp-content\\\/uploads\\\/2024\\\/09\\\/RSJ-logo.png?fit=800%2C800&ssl=1\",\"contentUrl\":\"https:\\\/\\\/i0.wp.com\\\/rsjmt.com\\\/wp-content\\\/uploads\\\/2024\\\/09\\\/RSJ-logo.png?fit=800%2C800&ssl=1\",\"width\":800,\"height\":800,\"caption\":\"RSJ Manangement\"},\"image\":{\"@id\":\"https:\\\/\\\/rsjmt.com\\\/#\\\/schema\\\/logo\\\/image\\\/\"},\"sameAs\":[\"https:\\\/\\\/www.facebook.com\\\/profile.php?id=100063705067239\",\"https:\\\/\\\/www.instagram.com\\\/rsj_management_\\\/\"]}]}<\/script>\n<!-- \/ Yoast SEO plugin. -->","yoast_head_json":{"title":"Contacto -","robots":{"index":"index","follow":"follow","max-snippet":"max-snippet:-1","max-image-preview":"max-image-preview:large","max-video-preview":"max-video-preview:-1"},"canonical":"https:\/\/rsjmt.com\/en\/contacto\/","og_locale":"en_US","og_type":"article","og_title":"Contacto -","og_description":"Cont\u00e1ctenos Para consultas o m\u00e1s informaci\u00f3n sobre nuestros servicios, no dudes en contactarnos; estamos aqu\u00ed para ayudarte. Ponte en Contacto Estamos aqu\u00ed para responder tus preguntas y escuchar tus sugerencias. Florida, USAMedell\u00edn, Colombia +1 954-865-2980+57 315 322 6209 info@rsjmt.com Estamos Ubicados en los Estados Unidos y en Colombia RSJ USA RSJ SAS COLOMBIA","og_url":"https:\/\/rsjmt.com\/en\/contacto\/","article_publisher":"https:\/\/www.facebook.com\/profile.php?id=100063705067239","article_modified_time":"2025-10-27T22:33:41+00:00","og_image":[{"url":"https:\/\/rsjmt.com\/wp-content\/uploads\/2024\/10\/us-map.png","type":"","width":"","height":""}],"twitter_card":"summary_large_image","twitter_misc":{"Est. reading time":"1 minute"},"schema":{"@context":"https:\/\/schema.org","@graph":[{"@type":"WebPage","@id":"https:\/\/rsjmt.com\/contacto\/","url":"https:\/\/rsjmt.com\/contacto\/","name":"Contacto -","isPartOf":{"@id":"https:\/\/rsjmt.com\/#website"},"primaryImageOfPage":{"@id":"https:\/\/rsjmt.com\/contacto\/#primaryimage"},"image":{"@id":"https:\/\/rsjmt.com\/contacto\/#primaryimage"},"thumbnailUrl":"https:\/\/rsjmt.com\/wp-content\/uploads\/2024\/10\/us-map.png","datePublished":"2023-06-13T17:26:18+00:00","dateModified":"2025-10-27T22:33:41+00:00","breadcrumb":{"@id":"https:\/\/rsjmt.com\/contacto\/#breadcrumb"},"inLanguage":"en-US","potentialAction":[{"@type":"ReadAction","target":["https:\/\/rsjmt.com\/contacto\/"]}]},{"@type":"ImageObject","inLanguage":"en-US","@id":"https:\/\/rsjmt.com\/contacto\/#primaryimage","url":"https:\/\/rsjmt.com\/wp-content\/uploads\/2024\/10\/us-map.png","contentUrl":"https:\/\/rsjmt.com\/wp-content\/uploads\/2024\/10\/us-map.png"},{"@type":"BreadcrumbList","@id":"https:\/\/rsjmt.com\/contacto\/#breadcrumb","itemListElement":[{"@type":"ListItem","position":1,"name":"Home","item":"https:\/\/rsjmt.com\/"},{"@type":"ListItem","position":2,"name":"Contacto"}]},{"@type":"WebSite","@id":"https:\/\/rsjmt.com\/#website","url":"https:\/\/rsjmt.com\/","name":"https:\/\/www.rsjmt.com","description":"","publisher":{"@id":"https:\/\/rsjmt.com\/#organization"},"potentialAction":[{"@type":"SearchAction","target":{"@type":"EntryPoint","urlTemplate":"https:\/\/rsjmt.com\/?s={search_term_string}"},"query-input":{"@type":"PropertyValueSpecification","valueRequired":true,"valueName":"search_term_string"}}],"inLanguage":"en-US"},{"@type":"Organization","@id":"https:\/\/rsjmt.com\/#organization","name":"RSJ Manangement","url":"https:\/\/rsjmt.com\/","logo":{"@type":"ImageObject","inLanguage":"en-US","@id":"https:\/\/rsjmt.com\/#\/schema\/logo\/image\/","url":"https:\/\/i0.wp.com\/rsjmt.com\/wp-content\/uploads\/2024\/09\/RSJ-logo.png?fit=800%2C800&ssl=1","contentUrl":"https:\/\/i0.wp.com\/rsjmt.com\/wp-content\/uploads\/2024\/09\/RSJ-logo.png?fit=800%2C800&ssl=1","width":800,"height":800,"caption":"RSJ Manangement"},"image":{"@id":"https:\/\/rsjmt.com\/#\/schema\/logo\/image\/"},"sameAs":["https:\/\/www.facebook.com\/profile.php?id=100063705067239","https:\/\/www.instagram.com\/rsj_management_\/"]}]}},"jetpack_sharing_enabled":true,"_links":{"self":[{"href":"https:\/\/rsjmt.com\/en\/wp-json\/wp\/v2\/pages\/164","targetHints":{"allow":["GET"]}}],"collection":[{"href":"https:\/\/rsjmt.com\/en\/wp-json\/wp\/v2\/pages"}],"about":[{"href":"https:\/\/rsjmt.com\/en\/wp-json\/wp\/v2\/types\/page"}],"author":[{"embeddable":true,"href":"https:\/\/rsjmt.com\/en\/wp-json\/wp\/v2\/users\/1"}],"replies":[{"embeddable":true,"href":"https:\/\/rsjmt.com\/en\/wp-json\/wp\/v2\/comments?post=164"}],"version-history":[{"count":20,"href":"https:\/\/rsjmt.com\/en\/wp-json\/wp\/v2\/pages\/164\/revisions"}],"predecessor-version":[{"id":943,"href":"https:\/\/rsjmt.com\/en\/wp-json\/wp\/v2\/pages\/164\/revisions\/943"}],"wp:attachment":[{"href":"https:\/\/rsjmt.com\/en\/wp-json\/wp\/v2\/media?parent=164"}],"curies":[{"name":"wp","href":"https:\/\/api.w.org\/{rel}","templated":true}]}}