{"id":330,"date":"2023-06-14T15:06:28","date_gmt":"2023-06-14T15:06:28","guid":{"rendered":"https:\/\/rsjmt.com\/?page_id=330"},"modified":"2024-10-05T18:17:46","modified_gmt":"2024-10-05T18:17:46","slug":"notarizacion-y-apostillado","status":"publish","type":"page","link":"https:\/\/rsjmt.com\/en\/notarizacion-y-apostillado\/","title":{"rendered":"Notarization and apostille"},"content":{"rendered":"<div class=\"wp-block-columns is-layout-flex wp-container-core-columns-is-layout-28f84493 wp-block-columns-is-layout-flex\">\n<div class=\"wp-block-column is-layout-flow wp-block-column-is-layout-flow\">\n<div class=\"wp-block-cover\"><span aria-hidden=\"true\" class=\"wp-block-cover__background has-custom-blue-color-background-color has-background-dim\"><\/span><img data-recalc-dims=\"1\" loading=\"lazy\" decoding=\"async\" width=\"961\" height=\"834\" class=\"wp-block-cover__image-background wp-image-342\" alt=\"\" src=\"https:\/\/i0.wp.com\/rsjmt.com\/wp-content\/uploads\/2023\/06\/Asset-10.png?resize=961%2C834&#038;ssl=1\" style=\"object-position:47% 71%\" data-object-fit=\"cover\" data-object-position=\"47% 71%\" srcset=\"https:\/\/i0.wp.com\/rsjmt.com\/wp-content\/uploads\/2023\/06\/Asset-10.png?w=961&amp;ssl=1 961w, https:\/\/i0.wp.com\/rsjmt.com\/wp-content\/uploads\/2023\/06\/Asset-10.png?resize=300%2C260&amp;ssl=1 300w, https:\/\/i0.wp.com\/rsjmt.com\/wp-content\/uploads\/2023\/06\/Asset-10.png?resize=768%2C667&amp;ssl=1 768w\" sizes=\"auto, (max-width: 961px) 100vw, 961px\" \/><div class=\"wp-block-cover__inner-container is-layout-constrained wp-block-cover-is-layout-constrained\">\n<h1 class=\"wp-block-heading has-text-align-center has-x-large-font-size\"><strong><mark style=\"background-color:rgba(0, 0, 0, 0);color:#ffffff\" class=\"has-inline-color\">Notary Services<\/mark><\/strong><\/h1>\n<\/div><\/div>\n<\/div>\n<\/div>\n\n\n\n<div class=\"wp-block-buttons alignwide is-content-justification-center is-layout-flex wp-container-core-buttons-is-layout-a89b3969 wp-block-buttons-is-layout-flex\">\n<div class=\"is-style-button-hover-secondary-color wp-block-button has-custom-width wp-block-button__width-75 has-custom-font-size has-big-font-size\"><a class=\"wp-block-button__link has-luminous-vivid-orange-to-vivid-red-gradient-background has-background wp-element-button\" href=\"https:\/\/api.whatsapp.com\/send?phone=573153226209\" style=\"border-style:none;border-width:0px;border-radius:10px\"><strong>GET A QUOTATION<\/strong><\/a><\/div>\n<\/div>\n\n\n\n<div style=\"height:60px\" aria-hidden=\"true\" class=\"wp-block-spacer\"><\/div>\n\n\n\n<p class=\"has-text-align-center\"><strong><mark style=\"background-color:rgba(0, 0, 0, 0)\" class=\"has-inline-color has-custom-blue-color-color\">FREQUENTLY ASKED QUESTIONS<\/mark><\/strong><\/p>\n\n\n\n<div class=\"wp-block-group is-layout-constrained wp-container-core-group-is-layout-11c1ca01 wp-block-group-is-layout-constrained\" style=\"padding-right:var(--wp--preset--spacing--50);padding-left:var(--wp--preset--spacing--50)\">\n<p class=\"has-text-align-center\"><strong>How valid is an electronic signature?<\/strong><\/p>\n\n\n\n<p class=\"has-text-align-center\">An electronic signature has full legal validity because it is regulated by law and produces the same legal effects as a handwritten signature on paper.<br><\/p>\n<\/div>\n\n\n\n<div class=\"wp-block-group is-layout-constrained wp-container-core-group-is-layout-11c1ca01 wp-block-group-is-layout-constrained\" style=\"padding-right:var(--wp--preset--spacing--50);padding-left:var(--wp--preset--spacing--50)\">\n<p class=\"has-text-align-center\"><strong>What documents can be signed with an electronic signature?<\/strong><\/p>\n\n\n\n<p class=\"has-text-align-center\">The answer is that you can sign any document, as electronic signatures are legal, and their advantages\u2014convenience, security, and speed\u2014make them suitable for signing all types of documents and contracts.<br><\/p>\n<\/div>\n\n\n\n<div class=\"wp-block-group is-layout-constrained wp-container-core-group-is-layout-11c1ca01 wp-block-group-is-layout-constrained\" style=\"padding-right:var(--wp--preset--spacing--50);padding-left:var(--wp--preset--spacing--50)\">\n<p class=\"has-text-align-center\"><strong>Is a digital signature valid in the USA?<\/strong><\/p>\n\n\n\n<p class=\"has-text-align-center\">The Electronic Signatures in Global and National Commerce (ESIGN) Act of 2000 in the U.S. legislated that electronic signatures are legal in all states and territories of the U.S. where federal law applies.<br><\/p>\n<\/div>\n\n\n\n<div class=\"wp-block-group is-layout-constrained wp-container-core-group-is-layout-11c1ca01 wp-block-group-is-layout-constrained\" style=\"padding-right:var(--wp--preset--spacing--50);padding-left:var(--wp--preset--spacing--50)\">\n<p class=\"has-text-align-center\"><strong>Do I have to be in Florida to use the online remote notarization system?<\/strong><\/p>\n\n\n\n<p class=\"has-text-align-center\">No, it is not necessary to be in Florida or be a resident of Florida to use the RON system. You can be anywhere in the world as long as you meet the necessary requirements to access the system. Of course, you must be a U.S. citizen or a legal resident with a Social Security number and a credit history in the United States of at least five years. All you have to do is appear on video in front of the notary.<\/p>\n<\/div>\n\n\n\n<div style=\"height:55px\" aria-hidden=\"true\" class=\"wp-block-spacer\"><\/div>\n\n\n\n<div class=\"wp-block-group is-layout-constrained wp-container-core-group-is-layout-85831996 wp-block-group-is-layout-constrained\" style=\"margin-top:0;margin-bottom:0;padding-right:var(--wp--preset--spacing--50);padding-left:var(--wp--preset--spacing--50)\">\n<p class=\"has-text-align-center has-custom-blue-color-color has-text-color has-link-color has-x-large-font-size wp-elements-57076058339af49a5d1adf6658149f05\"><strong>Apostille<\/strong><\/p>\n\n\n\n<p class=\"has-text-align-center\">You can now upload your verification document for notarization. Remember to fill in all the fields with your information.<\/p>\n\n\n<p><div class=\"forminator-ui forminator-custom-form forminator-custom-form-763 forminator-design--flat  forminator_ajax\" data-forminator-render=\"0\" data-form=\"forminator-module-763\" data-uid=\"69ea317c70a6b\"><br\/><\/div><form\n\t\t\t\tid=\"forminator-module-763\"\n\t\t\t\tclass=\"forminator-ui forminator-custom-form forminator-custom-form-763 forminator-design--flat  forminator_ajax\"\n\t\t\t\tmethod=\"post\"\n\t\t\t\tdata-forminator-render=\"0\"\n\t\t\t\tdata-form-id=\"763\"\n\t\t\t\tenctype=\"multipart\/form-data\" data-color-option=\"default\" data-design=\"flat\" data-grid=\"open\" style=\"display: none;\"\n\t\t\t\tdata-uid=\"69ea317c70a6b\" action=\"\"\n\t\t\t><div role=\"alert\" aria-live=\"polite\" class=\"forminator-response-message forminator-error\" aria-hidden=\"true\"><\/div><div class=\"forminator-row\"><div id=\"name-1\" class=\"forminator-field-name forminator-col forminator-col-4\"><div class=\"forminator-field\"><label for=\"forminator-field-name-1_69ea317c70a6b\" id=\"forminator-field-name-1_69ea317c70a6b-label\" class=\"forminator-label\">Name<\/label><input type=\"text\" name=\"name-1\" value=\"\" placeholder=\"Ej. John Doe\" id=\"forminator-field-name-1_69ea317c70a6b\" class=\"forminator-input forminator-name--field\" aria-required=\"false\" autocomplete=\"name\" \/><\/div><\/div><div id=\"phone-1\" class=\"forminator-field-phone forminator-col forminator-col-4\"><div class=\"forminator-field\"><label for=\"forminator-field-phone-1_69ea317c70a6b\" id=\"forminator-field-phone-1_69ea317c70a6b-label\" class=\"forminator-label\">Phone number<\/label><input type=\"text\" name=\"phone-1\" value=\"\" placeholder=\"Ej. +1 300 400 5000\" id=\"forminator-field-phone-1_69ea317c70a6b\" class=\"forminator-input forminator-field--phone\" data-required=\"\" aria-required=\"false\" autocomplete=\"off\" \/><\/div><\/div><div id=\"email-1\" class=\"forminator-field-email forminator-col forminator-col-4\"><div class=\"forminator-field\"><label for=\"forminator-field-email-1_69ea317c70a6b\" id=\"forminator-field-email-1_69ea317c70a6b-label\" class=\"forminator-label\">Email<\/label><input type=\"email\" name=\"email-1\" value=\"\" placeholder=\"Ej. john@doe.com\" id=\"forminator-field-email-1_69ea317c70a6b\" class=\"forminator-input forminator-email--field\" data-required=\"\" aria-required=\"false\" autocomplete=\"email\" \/><\/div><\/div><\/div><div class=\"forminator-row\"><div id=\"upload-1\" class=\"forminator-field-upload forminator-col forminator-col-12\"><div class=\"forminator-field\"><label for=\"forminator-field-upload-1_69ea317c70a6b\" id=\"forminator-field-upload-1_69ea317c70a6b-label\" class=\"forminator-label\">Upload files <span class=\"forminator-required\">*<\/span><\/label><div class=\"forminator-multi-upload\" data-element=\"upload-1_69ea317c70a6b\" aria-describedby=\"forminator-field-upload-1_69ea317c70a6b-description\"><input type=\"file\" name=\"upload-1[]\" id=\"forminator-field-upload-1_69ea317c70a6b\" class=\"forminator-input-file-required do-validate forminator-field-upload-1_69ea317c70a6b-763\" multiple=\"multiple\" data-method=\"ajax\" accept=\".avif,.doc,.docx,.pdf\" data-size=\"5000000\" data-size-message=\"Maximum file size allowed is 5 MB. \" data-filetype=\"avif|doc|docx|pdf\" data-filetype-message=\"file extension is not allowed.\"><div class=\"forminator-multi-upload-message\" aria-hidden=\"true\"><span class=\"forminator-icon-upload\" aria-hidden=\"true\"><\/span><p>Drag and Drop (or) <a class=\"forminator-upload-file--forminator-field-upload-1_69ea317c70a6b\" href=\"#\" onclick=\"return false;\">Choose Files<\/a><\/p><\/div><\/div><span id=\"forminator-field-upload-1_69ea317c70a6b-description\" class=\"forminator-description\">Upload here your documents<\/span><ul class=\"forminator-uploaded-files upload-container-upload-1_69ea317c70a6b\"><\/ul><\/div><\/div><\/div><input type=\"hidden\" name=\"referer_url\" value=\"\" \/><div class=\"forminator-row forminator-row-last\"><div class=\"forminator-col\"><div class=\"forminator-field\"><button class=\"forminator-button forminator-button-submit\">Send Message<\/button><\/div><\/div><\/div><input type=\"hidden\" id=\"forminator_nonce\" name=\"forminator_nonce\" value=\"6528c04c5d\" \/><input type=\"hidden\" name=\"_wp_http_referer\" value=\"\/en\/wp-json\/wp\/v2\/pages\/330\" \/><input type=\"hidden\" name=\"form_id\" value=\"763\"><input type=\"hidden\" name=\"page_id\" value=\"330\"><input type=\"hidden\" name=\"form_type\" value=\"default\"><input type=\"hidden\" name=\"current_url\" value=\"https:\/\/rsjmt.com\/en\/notarizacion-y-apostillado\/\"><input type=\"hidden\" name=\"render_id\" value=\"0\"><input type=\"hidden\" name=\"forminator-multifile-hidden\" class=\"forminator-multifile-hidden\"><input type=\"hidden\" name=\"action\" value=\"forminator_submit_form_custom-forms\"><input type=\"hidden\" name=\"trp-form-language\" value=\"en\"\/><\/form><\/p>\n<\/div>","protected":false},"excerpt":{"rendered":"<p>PREGUNTAS FRECUENTES \u00bfQu\u00e9 tan v\u00e1lida es una firma electr\u00f3nica? La Firma Electr\u00f3nica tiene plena validez legal porque est\u00e1 regulada por la ley, produce los mismos efectos jur\u00eddicos que la escrita en papel. \u00bfQu\u00e9 documentos se pueden firmar con la firma electr\u00f3nica? La respuesta es para firmar cualquier documento, ya que la firma electr\u00f3nica es legal&#8230;<\/p>","protected":false},"author":1,"featured_media":0,"parent":0,"menu_order":0,"comment_status":"closed","ping_status":"closed","template":"","meta":{"nf_dc_page":"","footnotes":""},"class_list":["post-330","page","type-page","status-publish","hentry"],"yoast_head":"<!-- This site is optimized with the Yoast SEO plugin v27.4 - https:\/\/yoast.com\/product\/yoast-seo-wordpress\/ -->\n<title>Notarizaci\u00f3n y apostillado -<\/title>\n<meta name=\"robots\" content=\"index, follow, max-snippet:-1, max-image-preview:large, max-video-preview:-1\" \/>\n<link rel=\"canonical\" href=\"https:\/\/rsjmt.com\/en\/notarizacion-y-apostillado\/\" \/>\n<meta property=\"og:locale\" content=\"en_US\" \/>\n<meta property=\"og:type\" content=\"article\" \/>\n<meta property=\"og:title\" content=\"Notarizaci\u00f3n y apostillado -\" \/>\n<meta property=\"og:description\" content=\"PREGUNTAS FRECUENTES \u00bfQu\u00e9 tan v\u00e1lida es una firma electr\u00f3nica? La Firma Electr\u00f3nica tiene plena validez legal porque est\u00e1 regulada por la ley, produce los mismos efectos jur\u00eddicos que la escrita en papel. \u00bfQu\u00e9 documentos se pueden firmar con la firma electr\u00f3nica? La respuesta es para firmar cualquier documento, ya que la firma electr\u00f3nica es legal...\" \/>\n<meta property=\"og:url\" content=\"https:\/\/rsjmt.com\/en\/notarizacion-y-apostillado\/\" \/>\n<meta property=\"article:publisher\" content=\"https:\/\/www.facebook.com\/profile.php?id=100063705067239\" \/>\n<meta property=\"article:modified_time\" content=\"2024-10-05T18:17:46+00:00\" \/>\n<meta property=\"og:image\" content=\"https:\/\/rsjmt.com\/wp-content\/uploads\/2023\/06\/Asset-10.png\" \/>\n<meta name=\"twitter:card\" content=\"summary_large_image\" \/>\n<meta name=\"twitter:label1\" content=\"Est. reading time\" \/>\n\t<meta name=\"twitter:data1\" content=\"2 minutes\" \/>\n<script type=\"application\/ld+json\" class=\"yoast-schema-graph\">{\"@context\":\"https:\\\/\\\/schema.org\",\"@graph\":[{\"@type\":\"WebPage\",\"@id\":\"https:\\\/\\\/rsjmt.com\\\/notarizacion-y-apostillado\\\/\",\"url\":\"https:\\\/\\\/rsjmt.com\\\/notarizacion-y-apostillado\\\/\",\"name\":\"Notarizaci\u00f3n y apostillado -\",\"isPartOf\":{\"@id\":\"https:\\\/\\\/rsjmt.com\\\/#website\"},\"primaryImageOfPage\":{\"@id\":\"https:\\\/\\\/rsjmt.com\\\/notarizacion-y-apostillado\\\/#primaryimage\"},\"image\":{\"@id\":\"https:\\\/\\\/rsjmt.com\\\/notarizacion-y-apostillado\\\/#primaryimage\"},\"thumbnailUrl\":\"https:\\\/\\\/rsjmt.com\\\/wp-content\\\/uploads\\\/2023\\\/06\\\/Asset-10.png\",\"datePublished\":\"2023-06-14T15:06:28+00:00\",\"dateModified\":\"2024-10-05T18:17:46+00:00\",\"breadcrumb\":{\"@id\":\"https:\\\/\\\/rsjmt.com\\\/notarizacion-y-apostillado\\\/#breadcrumb\"},\"inLanguage\":\"en-US\",\"potentialAction\":[{\"@type\":\"ReadAction\",\"target\":[\"https:\\\/\\\/rsjmt.com\\\/notarizacion-y-apostillado\\\/\"]}]},{\"@type\":\"ImageObject\",\"inLanguage\":\"en-US\",\"@id\":\"https:\\\/\\\/rsjmt.com\\\/notarizacion-y-apostillado\\\/#primaryimage\",\"url\":\"https:\\\/\\\/rsjmt.com\\\/wp-content\\\/uploads\\\/2023\\\/06\\\/Asset-10.png\",\"contentUrl\":\"https:\\\/\\\/rsjmt.com\\\/wp-content\\\/uploads\\\/2023\\\/06\\\/Asset-10.png\"},{\"@type\":\"BreadcrumbList\",\"@id\":\"https:\\\/\\\/rsjmt.com\\\/notarizacion-y-apostillado\\\/#breadcrumb\",\"itemListElement\":[{\"@type\":\"ListItem\",\"position\":1,\"name\":\"Home\",\"item\":\"https:\\\/\\\/rsjmt.com\\\/\"},{\"@type\":\"ListItem\",\"position\":2,\"name\":\"Notarizaci\u00f3n y apostillado\"}]},{\"@type\":\"WebSite\",\"@id\":\"https:\\\/\\\/rsjmt.com\\\/#website\",\"url\":\"https:\\\/\\\/rsjmt.com\\\/\",\"name\":\"https:\\\/\\\/www.rsjmt.com\",\"description\":\"\",\"publisher\":{\"@id\":\"https:\\\/\\\/rsjmt.com\\\/#organization\"},\"potentialAction\":[{\"@type\":\"SearchAction\",\"target\":{\"@type\":\"EntryPoint\",\"urlTemplate\":\"https:\\\/\\\/rsjmt.com\\\/?s={search_term_string}\"},\"query-input\":{\"@type\":\"PropertyValueSpecification\",\"valueRequired\":true,\"valueName\":\"search_term_string\"}}],\"inLanguage\":\"en-US\"},{\"@type\":\"Organization\",\"@id\":\"https:\\\/\\\/rsjmt.com\\\/#organization\",\"name\":\"RSJ Manangement\",\"url\":\"https:\\\/\\\/rsjmt.com\\\/\",\"logo\":{\"@type\":\"ImageObject\",\"inLanguage\":\"en-US\",\"@id\":\"https:\\\/\\\/rsjmt.com\\\/#\\\/schema\\\/logo\\\/image\\\/\",\"url\":\"https:\\\/\\\/i0.wp.com\\\/rsjmt.com\\\/wp-content\\\/uploads\\\/2024\\\/09\\\/RSJ-logo.png?fit=800%2C800&ssl=1\",\"contentUrl\":\"https:\\\/\\\/i0.wp.com\\\/rsjmt.com\\\/wp-content\\\/uploads\\\/2024\\\/09\\\/RSJ-logo.png?fit=800%2C800&ssl=1\",\"width\":800,\"height\":800,\"caption\":\"RSJ Manangement\"},\"image\":{\"@id\":\"https:\\\/\\\/rsjmt.com\\\/#\\\/schema\\\/logo\\\/image\\\/\"},\"sameAs\":[\"https:\\\/\\\/www.facebook.com\\\/profile.php?id=100063705067239\",\"https:\\\/\\\/www.instagram.com\\\/rsj_management_\\\/\"]}]}<\/script>\n<!-- \/ Yoast SEO plugin. -->","yoast_head_json":{"title":"Notarizaci\u00f3n y apostillado -","robots":{"index":"index","follow":"follow","max-snippet":"max-snippet:-1","max-image-preview":"max-image-preview:large","max-video-preview":"max-video-preview:-1"},"canonical":"https:\/\/rsjmt.com\/en\/notarizacion-y-apostillado\/","og_locale":"en_US","og_type":"article","og_title":"Notarizaci\u00f3n y apostillado -","og_description":"PREGUNTAS FRECUENTES \u00bfQu\u00e9 tan v\u00e1lida es una firma electr\u00f3nica? La Firma Electr\u00f3nica tiene plena validez legal porque est\u00e1 regulada por la ley, produce los mismos efectos jur\u00eddicos que la escrita en papel. \u00bfQu\u00e9 documentos se pueden firmar con la firma electr\u00f3nica? La respuesta es para firmar cualquier documento, ya que la firma electr\u00f3nica es legal...","og_url":"https:\/\/rsjmt.com\/en\/notarizacion-y-apostillado\/","article_publisher":"https:\/\/www.facebook.com\/profile.php?id=100063705067239","article_modified_time":"2024-10-05T18:17:46+00:00","og_image":[{"url":"https:\/\/rsjmt.com\/wp-content\/uploads\/2023\/06\/Asset-10.png","type":"","width":"","height":""}],"twitter_card":"summary_large_image","twitter_misc":{"Est. reading time":"2 minutes"},"schema":{"@context":"https:\/\/schema.org","@graph":[{"@type":"WebPage","@id":"https:\/\/rsjmt.com\/notarizacion-y-apostillado\/","url":"https:\/\/rsjmt.com\/notarizacion-y-apostillado\/","name":"Notarizaci\u00f3n y apostillado -","isPartOf":{"@id":"https:\/\/rsjmt.com\/#website"},"primaryImageOfPage":{"@id":"https:\/\/rsjmt.com\/notarizacion-y-apostillado\/#primaryimage"},"image":{"@id":"https:\/\/rsjmt.com\/notarizacion-y-apostillado\/#primaryimage"},"thumbnailUrl":"https:\/\/rsjmt.com\/wp-content\/uploads\/2023\/06\/Asset-10.png","datePublished":"2023-06-14T15:06:28+00:00","dateModified":"2024-10-05T18:17:46+00:00","breadcrumb":{"@id":"https:\/\/rsjmt.com\/notarizacion-y-apostillado\/#breadcrumb"},"inLanguage":"en-US","potentialAction":[{"@type":"ReadAction","target":["https:\/\/rsjmt.com\/notarizacion-y-apostillado\/"]}]},{"@type":"ImageObject","inLanguage":"en-US","@id":"https:\/\/rsjmt.com\/notarizacion-y-apostillado\/#primaryimage","url":"https:\/\/rsjmt.com\/wp-content\/uploads\/2023\/06\/Asset-10.png","contentUrl":"https:\/\/rsjmt.com\/wp-content\/uploads\/2023\/06\/Asset-10.png"},{"@type":"BreadcrumbList","@id":"https:\/\/rsjmt.com\/notarizacion-y-apostillado\/#breadcrumb","itemListElement":[{"@type":"ListItem","position":1,"name":"Home","item":"https:\/\/rsjmt.com\/"},{"@type":"ListItem","position":2,"name":"Notarizaci\u00f3n y apostillado"}]},{"@type":"WebSite","@id":"https:\/\/rsjmt.com\/#website","url":"https:\/\/rsjmt.com\/","name":"https:\/\/www.rsjmt.com","description":"","publisher":{"@id":"https:\/\/rsjmt.com\/#organization"},"potentialAction":[{"@type":"SearchAction","target":{"@type":"EntryPoint","urlTemplate":"https:\/\/rsjmt.com\/?s={search_term_string}"},"query-input":{"@type":"PropertyValueSpecification","valueRequired":true,"valueName":"search_term_string"}}],"inLanguage":"en-US"},{"@type":"Organization","@id":"https:\/\/rsjmt.com\/#organization","name":"RSJ Manangement","url":"https:\/\/rsjmt.com\/","logo":{"@type":"ImageObject","inLanguage":"en-US","@id":"https:\/\/rsjmt.com\/#\/schema\/logo\/image\/","url":"https:\/\/i0.wp.com\/rsjmt.com\/wp-content\/uploads\/2024\/09\/RSJ-logo.png?fit=800%2C800&ssl=1","contentUrl":"https:\/\/i0.wp.com\/rsjmt.com\/wp-content\/uploads\/2024\/09\/RSJ-logo.png?fit=800%2C800&ssl=1","width":800,"height":800,"caption":"RSJ Manangement"},"image":{"@id":"https:\/\/rsjmt.com\/#\/schema\/logo\/image\/"},"sameAs":["https:\/\/www.facebook.com\/profile.php?id=100063705067239","https:\/\/www.instagram.com\/rsj_management_\/"]}]}},"jetpack_sharing_enabled":true,"_links":{"self":[{"href":"https:\/\/rsjmt.com\/en\/wp-json\/wp\/v2\/pages\/330","targetHints":{"allow":["GET"]}}],"collection":[{"href":"https:\/\/rsjmt.com\/en\/wp-json\/wp\/v2\/pages"}],"about":[{"href":"https:\/\/rsjmt.com\/en\/wp-json\/wp\/v2\/types\/page"}],"author":[{"embeddable":true,"href":"https:\/\/rsjmt.com\/en\/wp-json\/wp\/v2\/users\/1"}],"replies":[{"embeddable":true,"href":"https:\/\/rsjmt.com\/en\/wp-json\/wp\/v2\/comments?post=330"}],"version-history":[{"count":19,"href":"https:\/\/rsjmt.com\/en\/wp-json\/wp\/v2\/pages\/330\/revisions"}],"predecessor-version":[{"id":867,"href":"https:\/\/rsjmt.com\/en\/wp-json\/wp\/v2\/pages\/330\/revisions\/867"}],"wp:attachment":[{"href":"https:\/\/rsjmt.com\/en\/wp-json\/wp\/v2\/media?parent=330"}],"curies":[{"name":"wp","href":"https:\/\/api.w.org\/{rel}","templated":true}]}}