{"id":397,"date":"2023-06-14T16:25:58","date_gmt":"2023-06-14T16:25:58","guid":{"rendered":"https:\/\/rsjmt.com\/?page_id=397"},"modified":"2024-10-05T18:21:56","modified_gmt":"2024-10-05T18:21:56","slug":"inmobiliaria","status":"publish","type":"page","link":"https:\/\/rsjmt.com\/en\/inmobiliaria\/","title":{"rendered":"Real Estate"},"content":{"rendered":"<div class=\"wp-block-cover\"><span aria-hidden=\"true\" class=\"wp-block-cover__background has-dark-color-background-color has-background-dim-40 has-background-dim\"><\/span><img data-recalc-dims=\"1\" loading=\"lazy\" decoding=\"async\" width=\"800\" height=\"530\" class=\"wp-block-cover__image-background wp-image-456\" alt=\"\" src=\"https:\/\/i0.wp.com\/rsjmt.com\/wp-content\/uploads\/2023\/06\/5-razones-para-visitar-Medellin-Cabezote.jpg?resize=800%2C530&#038;ssl=1\" data-object-fit=\"cover\" srcset=\"https:\/\/i0.wp.com\/rsjmt.com\/wp-content\/uploads\/2023\/06\/5-razones-para-visitar-Medellin-Cabezote.jpg?w=800&amp;ssl=1 800w, https:\/\/i0.wp.com\/rsjmt.com\/wp-content\/uploads\/2023\/06\/5-razones-para-visitar-Medellin-Cabezote.jpg?resize=300%2C199&amp;ssl=1 300w, https:\/\/i0.wp.com\/rsjmt.com\/wp-content\/uploads\/2023\/06\/5-razones-para-visitar-Medellin-Cabezote.jpg?resize=768%2C509&amp;ssl=1 768w\" sizes=\"auto, (max-width: 800px) 100vw, 800px\" \/><div class=\"wp-block-cover__inner-container is-layout-constrained wp-block-cover-is-layout-constrained\">\n<p class=\"has-text-align-center has-transparent-background-color has-background has-x-large-font-size\"><strong>Real Estate<\/strong><\/p>\n<\/div><\/div>\n\n\n\n<div style=\"height:23px\" aria-hidden=\"true\" class=\"wp-block-spacer\"><\/div>\n\n\n\n<div class=\"wp-block-group is-layout-constrained wp-container-core-group-is-layout-8dd13e6d wp-block-group-is-layout-constrained\" style=\"padding-right:var(--wp--preset--spacing--60);padding-left:var(--wp--preset--spacing--60)\">\n<p class=\"has-text-align-center\"><strong>Real Estate<\/strong><\/p>\n\n\n\n<p class=\"has-text-align-center has-text-color has-link-color wp-elements-3026e3d4def93af863de18d4e8e72e28\" style=\"color:#494949\">Are you looking for investment opportunities in real estate?<br>We help you find your best investment in North America or South America.<\/p>\n<\/div>\n\n\n\n<div style=\"height:28px\" aria-hidden=\"true\" class=\"wp-block-spacer\"><\/div>\n\n\n\n<div class=\"wp-block-group is-layout-constrained wp-container-core-group-is-layout-8dd13e6d wp-block-group-is-layout-constrained\" style=\"padding-right:var(--wp--preset--spacing--60);padding-left:var(--wp--preset--spacing--60)\">\n<p class=\"has-text-align-center\"><strong>Can Americans own real estate in Colombia?<\/strong><\/p>\n\n\n\n<p class=\"has-text-align-center has-text-color has-link-color wp-elements-8f4c33f58eb5375f2cda2d9f994b492d\" style=\"color:#494949\">Of course!<\/p>\n\n\n\n<p class=\"has-text-align-center has-text-color has-link-color wp-elements-3ca475ab561f7e9e95cdb1958552e1aa\" style=\"color:#494949\">Foreigners can purchase property in their own name or in the name of a company and have the same property rights as Colombian citizens. All you need to buy real estate in Colombia is a passport.<\/p>\n<\/div>\n\n\n\n<figure class=\"wp-block-image size-large\"><img data-recalc-dims=\"1\" loading=\"lazy\" decoding=\"async\" width=\"1024\" height=\"683\" src=\"https:\/\/i0.wp.com\/rsjmt.com\/wp-content\/uploads\/2024\/10\/2149749947.jpg?resize=1024%2C683&#038;ssl=1\" alt=\"\" class=\"wp-image-758\" srcset=\"https:\/\/i0.wp.com\/rsjmt.com\/wp-content\/uploads\/2024\/10\/2149749947.jpg?resize=1024%2C683&amp;ssl=1 1024w, https:\/\/i0.wp.com\/rsjmt.com\/wp-content\/uploads\/2024\/10\/2149749947.jpg?resize=300%2C200&amp;ssl=1 300w, https:\/\/i0.wp.com\/rsjmt.com\/wp-content\/uploads\/2024\/10\/2149749947.jpg?resize=768%2C512&amp;ssl=1 768w, https:\/\/i0.wp.com\/rsjmt.com\/wp-content\/uploads\/2024\/10\/2149749947.jpg?resize=18%2C12&amp;ssl=1 18w, https:\/\/i0.wp.com\/rsjmt.com\/wp-content\/uploads\/2024\/10\/2149749947.jpg?w=1500&amp;ssl=1 1500w\" sizes=\"auto, (max-width: 1000px) 100vw, 1000px\" \/><\/figure>\n\n\n\n<div class=\"wp-block-cover\"><span aria-hidden=\"true\" class=\"wp-block-cover__background has-dark-color-background-color has-background-dim-30 has-background-dim\"><\/span><img data-recalc-dims=\"1\" loading=\"lazy\" decoding=\"async\" width=\"800\" height=\"530\" class=\"wp-block-cover__image-background wp-image-462\" alt=\"\" src=\"https:\/\/i0.wp.com\/rsjmt.com\/wp-content\/uploads\/2023\/06\/5-razones-para-visitar-Medellin-Cabezote.png?resize=800%2C530&#038;ssl=1\" data-object-fit=\"cover\" srcset=\"https:\/\/i0.wp.com\/rsjmt.com\/wp-content\/uploads\/2023\/06\/5-razones-para-visitar-Medellin-Cabezote.png?w=800&amp;ssl=1 800w, https:\/\/i0.wp.com\/rsjmt.com\/wp-content\/uploads\/2023\/06\/5-razones-para-visitar-Medellin-Cabezote.png?resize=300%2C199&amp;ssl=1 300w, https:\/\/i0.wp.com\/rsjmt.com\/wp-content\/uploads\/2023\/06\/5-razones-para-visitar-Medellin-Cabezote.png?resize=768%2C509&amp;ssl=1 768w\" sizes=\"auto, (max-width: 800px) 100vw, 800px\" \/><div class=\"wp-block-cover__inner-container is-layout-constrained wp-block-cover-is-layout-constrained\">\n<p class=\"has-text-align-center has-large-font-size\"><strong>Airbnb<\/strong><\/p>\n<\/div><\/div>\n\n\n\n<div class=\"wp-block-group is-layout-constrained wp-container-core-group-is-layout-8dd13e6d wp-block-group-is-layout-constrained\" style=\"padding-right:var(--wp--preset--spacing--60);padding-left:var(--wp--preset--spacing--60)\">\n<p class=\"has-text-align-center\"><br>We offer unique accommodations, wonderful experiences, and unforgettable adventures through our Airbnb platform. Whether it's a business trip, a weekend getaway, a family vacation, or a longer stay.<br><\/p>\n\n\n\n<p class=\"has-text-align-center\"><mark style=\"background-color:rgba(0, 0, 0, 0)\" class=\"has-inline-color has-custom-red-color-color\"><strong>Address your concerns. Call us right now!<\/strong><\/mark><\/p>\n<\/div>","protected":false},"excerpt":{"rendered":"<p>Bienes Raices \u00bfBuscas oportunidad de inversi\u00f3n en bienes ra\u00edces?Te ayudamos a encontrar tu mejor inversi\u00f3n en norte Am\u00e9rica o sur Am\u00e9rica \u00bfPueden los estadounidenses poseer bienes ra\u00edces en Colombia? \u00a1Claro que si! Los extranjeros pueden comprar bienes a nombre propio o a nombre de una empresa y tienen los mismos derechos de propiedad que los&#8230;<\/p>","protected":false},"author":1,"featured_media":0,"parent":0,"menu_order":0,"comment_status":"closed","ping_status":"closed","template":"","meta":{"nf_dc_page":"","footnotes":""},"class_list":["post-397","page","type-page","status-publish","hentry"],"yoast_head":"<!-- This site is optimized with the Yoast SEO plugin v27.4 - https:\/\/yoast.com\/product\/yoast-seo-wordpress\/ -->\n<title>Inmobiliaria -<\/title>\n<meta name=\"robots\" content=\"index, follow, max-snippet:-1, max-image-preview:large, max-video-preview:-1\" \/>\n<link rel=\"canonical\" href=\"https:\/\/rsjmt.com\/en\/inmobiliaria\/\" \/>\n<meta property=\"og:locale\" content=\"en_US\" \/>\n<meta property=\"og:type\" content=\"article\" \/>\n<meta property=\"og:title\" content=\"Inmobiliaria -\" \/>\n<meta property=\"og:description\" content=\"Bienes Raices \u00bfBuscas oportunidad de inversi\u00f3n en bienes ra\u00edces?Te ayudamos a encontrar tu mejor inversi\u00f3n en norte Am\u00e9rica o sur Am\u00e9rica \u00bfPueden los estadounidenses poseer bienes ra\u00edces en Colombia? \u00a1Claro que si! Los extranjeros pueden comprar bienes a nombre propio o a nombre de una empresa y tienen los mismos derechos de propiedad que los...\" \/>\n<meta property=\"og:url\" content=\"https:\/\/rsjmt.com\/en\/inmobiliaria\/\" \/>\n<meta property=\"article:publisher\" content=\"https:\/\/www.facebook.com\/profile.php?id=100063705067239\" \/>\n<meta property=\"article:modified_time\" content=\"2024-10-05T18:21:56+00:00\" \/>\n<meta property=\"og:image\" content=\"https:\/\/rsjmt.com\/wp-content\/uploads\/2023\/06\/5-razones-para-visitar-Medellin-Cabezote.jpg\" \/>\n<meta name=\"twitter:card\" content=\"summary_large_image\" \/>\n<meta name=\"twitter:label1\" content=\"Est. reading time\" \/>\n\t<meta name=\"twitter:data1\" content=\"2 minutes\" \/>\n<script type=\"application\/ld+json\" class=\"yoast-schema-graph\">{\"@context\":\"https:\\\/\\\/schema.org\",\"@graph\":[{\"@type\":\"WebPage\",\"@id\":\"https:\\\/\\\/rsjmt.com\\\/inmobiliaria\\\/\",\"url\":\"https:\\\/\\\/rsjmt.com\\\/inmobiliaria\\\/\",\"name\":\"Inmobiliaria -\",\"isPartOf\":{\"@id\":\"https:\\\/\\\/rsjmt.com\\\/#website\"},\"primaryImageOfPage\":{\"@id\":\"https:\\\/\\\/rsjmt.com\\\/inmobiliaria\\\/#primaryimage\"},\"image\":{\"@id\":\"https:\\\/\\\/rsjmt.com\\\/inmobiliaria\\\/#primaryimage\"},\"thumbnailUrl\":\"https:\\\/\\\/rsjmt.com\\\/wp-content\\\/uploads\\\/2023\\\/06\\\/5-razones-para-visitar-Medellin-Cabezote.jpg\",\"datePublished\":\"2023-06-14T16:25:58+00:00\",\"dateModified\":\"2024-10-05T18:21:56+00:00\",\"breadcrumb\":{\"@id\":\"https:\\\/\\\/rsjmt.com\\\/inmobiliaria\\\/#breadcrumb\"},\"inLanguage\":\"en-US\",\"potentialAction\":[{\"@type\":\"ReadAction\",\"target\":[\"https:\\\/\\\/rsjmt.com\\\/inmobiliaria\\\/\"]}]},{\"@type\":\"ImageObject\",\"inLanguage\":\"en-US\",\"@id\":\"https:\\\/\\\/rsjmt.com\\\/inmobiliaria\\\/#primaryimage\",\"url\":\"https:\\\/\\\/rsjmt.com\\\/wp-content\\\/uploads\\\/2023\\\/06\\\/5-razones-para-visitar-Medellin-Cabezote.jpg\",\"contentUrl\":\"https:\\\/\\\/rsjmt.com\\\/wp-content\\\/uploads\\\/2023\\\/06\\\/5-razones-para-visitar-Medellin-Cabezote.jpg\"},{\"@type\":\"BreadcrumbList\",\"@id\":\"https:\\\/\\\/rsjmt.com\\\/inmobiliaria\\\/#breadcrumb\",\"itemListElement\":[{\"@type\":\"ListItem\",\"position\":1,\"name\":\"Home\",\"item\":\"https:\\\/\\\/rsjmt.com\\\/\"},{\"@type\":\"ListItem\",\"position\":2,\"name\":\"Inmobiliaria\"}]},{\"@type\":\"WebSite\",\"@id\":\"https:\\\/\\\/rsjmt.com\\\/#website\",\"url\":\"https:\\\/\\\/rsjmt.com\\\/\",\"name\":\"https:\\\/\\\/www.rsjmt.com\",\"description\":\"\",\"publisher\":{\"@id\":\"https:\\\/\\\/rsjmt.com\\\/#organization\"},\"potentialAction\":[{\"@type\":\"SearchAction\",\"target\":{\"@type\":\"EntryPoint\",\"urlTemplate\":\"https:\\\/\\\/rsjmt.com\\\/?s={search_term_string}\"},\"query-input\":{\"@type\":\"PropertyValueSpecification\",\"valueRequired\":true,\"valueName\":\"search_term_string\"}}],\"inLanguage\":\"en-US\"},{\"@type\":\"Organization\",\"@id\":\"https:\\\/\\\/rsjmt.com\\\/#organization\",\"name\":\"RSJ Manangement\",\"url\":\"https:\\\/\\\/rsjmt.com\\\/\",\"logo\":{\"@type\":\"ImageObject\",\"inLanguage\":\"en-US\",\"@id\":\"https:\\\/\\\/rsjmt.com\\\/#\\\/schema\\\/logo\\\/image\\\/\",\"url\":\"https:\\\/\\\/i0.wp.com\\\/rsjmt.com\\\/wp-content\\\/uploads\\\/2024\\\/09\\\/RSJ-logo.png?fit=800%2C800&ssl=1\",\"contentUrl\":\"https:\\\/\\\/i0.wp.com\\\/rsjmt.com\\\/wp-content\\\/uploads\\\/2024\\\/09\\\/RSJ-logo.png?fit=800%2C800&ssl=1\",\"width\":800,\"height\":800,\"caption\":\"RSJ Manangement\"},\"image\":{\"@id\":\"https:\\\/\\\/rsjmt.com\\\/#\\\/schema\\\/logo\\\/image\\\/\"},\"sameAs\":[\"https:\\\/\\\/www.facebook.com\\\/profile.php?id=100063705067239\",\"https:\\\/\\\/www.instagram.com\\\/rsj_management_\\\/\"]}]}<\/script>\n<!-- \/ Yoast SEO plugin. -->","yoast_head_json":{"title":"Inmobiliaria -","robots":{"index":"index","follow":"follow","max-snippet":"max-snippet:-1","max-image-preview":"max-image-preview:large","max-video-preview":"max-video-preview:-1"},"canonical":"https:\/\/rsjmt.com\/en\/inmobiliaria\/","og_locale":"en_US","og_type":"article","og_title":"Inmobiliaria -","og_description":"Bienes Raices \u00bfBuscas oportunidad de inversi\u00f3n en bienes ra\u00edces?Te ayudamos a encontrar tu mejor inversi\u00f3n en norte Am\u00e9rica o sur Am\u00e9rica \u00bfPueden los estadounidenses poseer bienes ra\u00edces en Colombia? \u00a1Claro que si! Los extranjeros pueden comprar bienes a nombre propio o a nombre de una empresa y tienen los mismos derechos de propiedad que los...","og_url":"https:\/\/rsjmt.com\/en\/inmobiliaria\/","article_publisher":"https:\/\/www.facebook.com\/profile.php?id=100063705067239","article_modified_time":"2024-10-05T18:21:56+00:00","og_image":[{"url":"https:\/\/rsjmt.com\/wp-content\/uploads\/2023\/06\/5-razones-para-visitar-Medellin-Cabezote.jpg","type":"","width":"","height":""}],"twitter_card":"summary_large_image","twitter_misc":{"Est. reading time":"2 minutes"},"schema":{"@context":"https:\/\/schema.org","@graph":[{"@type":"WebPage","@id":"https:\/\/rsjmt.com\/inmobiliaria\/","url":"https:\/\/rsjmt.com\/inmobiliaria\/","name":"Inmobiliaria -","isPartOf":{"@id":"https:\/\/rsjmt.com\/#website"},"primaryImageOfPage":{"@id":"https:\/\/rsjmt.com\/inmobiliaria\/#primaryimage"},"image":{"@id":"https:\/\/rsjmt.com\/inmobiliaria\/#primaryimage"},"thumbnailUrl":"https:\/\/rsjmt.com\/wp-content\/uploads\/2023\/06\/5-razones-para-visitar-Medellin-Cabezote.jpg","datePublished":"2023-06-14T16:25:58+00:00","dateModified":"2024-10-05T18:21:56+00:00","breadcrumb":{"@id":"https:\/\/rsjmt.com\/inmobiliaria\/#breadcrumb"},"inLanguage":"en-US","potentialAction":[{"@type":"ReadAction","target":["https:\/\/rsjmt.com\/inmobiliaria\/"]}]},{"@type":"ImageObject","inLanguage":"en-US","@id":"https:\/\/rsjmt.com\/inmobiliaria\/#primaryimage","url":"https:\/\/rsjmt.com\/wp-content\/uploads\/2023\/06\/5-razones-para-visitar-Medellin-Cabezote.jpg","contentUrl":"https:\/\/rsjmt.com\/wp-content\/uploads\/2023\/06\/5-razones-para-visitar-Medellin-Cabezote.jpg"},{"@type":"BreadcrumbList","@id":"https:\/\/rsjmt.com\/inmobiliaria\/#breadcrumb","itemListElement":[{"@type":"ListItem","position":1,"name":"Home","item":"https:\/\/rsjmt.com\/"},{"@type":"ListItem","position":2,"name":"Inmobiliaria"}]},{"@type":"WebSite","@id":"https:\/\/rsjmt.com\/#website","url":"https:\/\/rsjmt.com\/","name":"https:\/\/www.rsjmt.com","description":"","publisher":{"@id":"https:\/\/rsjmt.com\/#organization"},"potentialAction":[{"@type":"SearchAction","target":{"@type":"EntryPoint","urlTemplate":"https:\/\/rsjmt.com\/?s={search_term_string}"},"query-input":{"@type":"PropertyValueSpecification","valueRequired":true,"valueName":"search_term_string"}}],"inLanguage":"en-US"},{"@type":"Organization","@id":"https:\/\/rsjmt.com\/#organization","name":"RSJ Manangement","url":"https:\/\/rsjmt.com\/","logo":{"@type":"ImageObject","inLanguage":"en-US","@id":"https:\/\/rsjmt.com\/#\/schema\/logo\/image\/","url":"https:\/\/i0.wp.com\/rsjmt.com\/wp-content\/uploads\/2024\/09\/RSJ-logo.png?fit=800%2C800&ssl=1","contentUrl":"https:\/\/i0.wp.com\/rsjmt.com\/wp-content\/uploads\/2024\/09\/RSJ-logo.png?fit=800%2C800&ssl=1","width":800,"height":800,"caption":"RSJ Manangement"},"image":{"@id":"https:\/\/rsjmt.com\/#\/schema\/logo\/image\/"},"sameAs":["https:\/\/www.facebook.com\/profile.php?id=100063705067239","https:\/\/www.instagram.com\/rsj_management_\/"]}]}},"jetpack_sharing_enabled":true,"_links":{"self":[{"href":"https:\/\/rsjmt.com\/en\/wp-json\/wp\/v2\/pages\/397","targetHints":{"allow":["GET"]}}],"collection":[{"href":"https:\/\/rsjmt.com\/en\/wp-json\/wp\/v2\/pages"}],"about":[{"href":"https:\/\/rsjmt.com\/en\/wp-json\/wp\/v2\/types\/page"}],"author":[{"embeddable":true,"href":"https:\/\/rsjmt.com\/en\/wp-json\/wp\/v2\/users\/1"}],"replies":[{"embeddable":true,"href":"https:\/\/rsjmt.com\/en\/wp-json\/wp\/v2\/comments?post=397"}],"version-history":[{"count":20,"href":"https:\/\/rsjmt.com\/en\/wp-json\/wp\/v2\/pages\/397\/revisions"}],"predecessor-version":[{"id":869,"href":"https:\/\/rsjmt.com\/en\/wp-json\/wp\/v2\/pages\/397\/revisions\/869"}],"wp:attachment":[{"href":"https:\/\/rsjmt.com\/en\/wp-json\/wp\/v2\/media?parent=397"}],"curies":[{"name":"wp","href":"https:\/\/api.w.org\/{rel}","templated":true}]}}