{"id":695,"date":"2024-09-29T23:23:31","date_gmt":"2024-09-29T23:23:31","guid":{"rendered":"https:\/\/rsjmt.com\/payment\/"},"modified":"2025-11-11T20:26:54","modified_gmt":"2025-11-11T20:26:54","slug":"payment","status":"publish","type":"page","link":"https:\/\/rsjmt.com\/en\/payment\/","title":{"rendered":"Payment"},"content":{"rendered":"<div class=\"wp-block-group is-layout-constrained wp-container-core-group-is-layout-8dd13e6d wp-block-group-is-layout-constrained\" style=\"padding-right:var(--wp--preset--spacing--60);padding-left:var(--wp--preset--spacing--60)\">\n<p class=\"has-text-align-center\">On our platform, we offer secure and convenient options for making your payments. For your convenience, we accept PayPal, allowing you to make fast and protected transactions with just a few clicks. By clicking the PayPal button, you will be redirected to a secure page to complete your payment.<\/p>\n\n\n\n<p class=\"has-text-align-center\">Trust us to handle your transaction quickly and hassle-free!<\/p>\n\n\n\n<div class=\"wp-block-group is-content-justification-center is-layout-constrained wp-container-core-group-is-layout-5d6de48d wp-block-group-is-layout-constrained\">\n<script src=\"https:\/\/www.paypal.com\/sdk\/js?client-id=BAARslswNhy0_leLGAcqguzVlomWSg9RCkt8VmPDaHCquADtvTcNC5NUKV9qbFwXdM7cURkhNpHDGynmGI&#038;components=hosted-buttons&#038;enable-funding=venmo&#038;currency=USD\"><\/script>\n<div id=\"paypal-container-WFCMMWHL2JKGA\"><\/div>\n<script>\n  paypal.HostedButtons({\n    hostedButtonId: \"WFCMMWHL2JKGA\",\n  }).render(\"#paypal-container-WFCMMWHL2JKGA\")\n<\/script>\n<\/div>\n\n\n\n<div style=\"height:53px\" aria-hidden=\"true\" class=\"wp-block-spacer\"><\/div>\n\n\n\n<p class=\"has-text-align-center\">You can also can pay through the following QR code<\/p>\n\n\n\n<figure class=\"wp-block-image aligncenter size-full is-resized\"><img data-recalc-dims=\"1\" loading=\"lazy\" decoding=\"async\" width=\"250\" height=\"302\" src=\"https:\/\/i0.wp.com\/rsjmt.com\/wp-content\/uploads\/2024\/10\/qrcode.png?resize=250%2C302&#038;ssl=1\" alt=\"\" class=\"wp-image-756\" style=\"width:361px;height:auto\" srcset=\"https:\/\/i0.wp.com\/rsjmt.com\/wp-content\/uploads\/2024\/10\/qrcode.png?w=250&amp;ssl=1 250w, https:\/\/i0.wp.com\/rsjmt.com\/wp-content\/uploads\/2024\/10\/qrcode.png?resize=248%2C300&amp;ssl=1 248w, https:\/\/i0.wp.com\/rsjmt.com\/wp-content\/uploads\/2024\/10\/qrcode.png?resize=10%2C12&amp;ssl=1 10w\" sizes=\"auto, (max-width: 250px) 100vw, 250px\" \/><\/figure>\n<\/div>","protected":false},"excerpt":{"rendered":"<p>En nuestra plataforma, te ofrecemos opciones seguras y convenientes para realizar tus pagos. Para tu comodidad, aceptamos PayPal, lo que te permite hacer transacciones r\u00e1pidas y protegidas con solo unos clics. Al hacer clic en el bot\u00f3n de PayPal, ser\u00e1s redirigido a una p\u00e1gina segura para completar tu pago. \u00a1Conf\u00eda en nosotros para gestionar tu&#8230;<\/p>","protected":false},"author":2,"featured_media":0,"parent":0,"menu_order":0,"comment_status":"closed","ping_status":"closed","template":"wp-custom-template-payments-template","meta":{"nf_dc_page":"","footnotes":""},"class_list":["post-695","page","type-page","status-publish","hentry"],"yoast_head":"<!-- This site is optimized with the Yoast SEO plugin v27.4 - https:\/\/yoast.com\/product\/yoast-seo-wordpress\/ -->\n<title>Payment -<\/title>\n<meta name=\"robots\" content=\"index, follow, max-snippet:-1, max-image-preview:large, max-video-preview:-1\" \/>\n<link rel=\"canonical\" href=\"https:\/\/rsjmt.com\/en\/payment\/\" \/>\n<meta property=\"og:locale\" content=\"en_US\" \/>\n<meta property=\"og:type\" content=\"article\" \/>\n<meta property=\"og:title\" content=\"Payment -\" \/>\n<meta property=\"og:description\" content=\"En nuestra plataforma, te ofrecemos opciones seguras y convenientes para realizar tus pagos. Para tu comodidad, aceptamos PayPal, lo que te permite hacer transacciones r\u00e1pidas y protegidas con solo unos clics. Al hacer clic en el bot\u00f3n de PayPal, ser\u00e1s redirigido a una p\u00e1gina segura para completar tu pago. \u00a1Conf\u00eda en nosotros para gestionar tu...\" \/>\n<meta property=\"og:url\" content=\"https:\/\/rsjmt.com\/en\/payment\/\" \/>\n<meta property=\"article:publisher\" content=\"https:\/\/www.facebook.com\/profile.php?id=100063705067239\" \/>\n<meta property=\"article:modified_time\" content=\"2025-11-11T20:26:54+00:00\" \/>\n<meta property=\"og:image\" content=\"https:\/\/rsjmt.com\/wp-content\/uploads\/2024\/10\/qrcode.png\" \/>\n<meta name=\"twitter:card\" content=\"summary_large_image\" \/>\n<meta name=\"twitter:label1\" content=\"Est. reading time\" \/>\n\t<meta name=\"twitter:data1\" content=\"1 minute\" \/>\n<script type=\"application\/ld+json\" class=\"yoast-schema-graph\">{\"@context\":\"https:\\\/\\\/schema.org\",\"@graph\":[{\"@type\":\"WebPage\",\"@id\":\"https:\\\/\\\/rsjmt.com\\\/payment\\\/\",\"url\":\"https:\\\/\\\/rsjmt.com\\\/payment\\\/\",\"name\":\"Payment -\",\"isPartOf\":{\"@id\":\"https:\\\/\\\/rsjmt.com\\\/#website\"},\"primaryImageOfPage\":{\"@id\":\"https:\\\/\\\/rsjmt.com\\\/payment\\\/#primaryimage\"},\"image\":{\"@id\":\"https:\\\/\\\/rsjmt.com\\\/payment\\\/#primaryimage\"},\"thumbnailUrl\":\"https:\\\/\\\/rsjmt.com\\\/wp-content\\\/uploads\\\/2024\\\/10\\\/qrcode.png\",\"datePublished\":\"2024-09-29T23:23:31+00:00\",\"dateModified\":\"2025-11-11T20:26:54+00:00\",\"breadcrumb\":{\"@id\":\"https:\\\/\\\/rsjmt.com\\\/payment\\\/#breadcrumb\"},\"inLanguage\":\"en-US\",\"potentialAction\":[{\"@type\":\"ReadAction\",\"target\":[\"https:\\\/\\\/rsjmt.com\\\/payment\\\/\"]}]},{\"@type\":\"ImageObject\",\"inLanguage\":\"en-US\",\"@id\":\"https:\\\/\\\/rsjmt.com\\\/payment\\\/#primaryimage\",\"url\":\"https:\\\/\\\/rsjmt.com\\\/wp-content\\\/uploads\\\/2024\\\/10\\\/qrcode.png\",\"contentUrl\":\"https:\\\/\\\/rsjmt.com\\\/wp-content\\\/uploads\\\/2024\\\/10\\\/qrcode.png\"},{\"@type\":\"BreadcrumbList\",\"@id\":\"https:\\\/\\\/rsjmt.com\\\/payment\\\/#breadcrumb\",\"itemListElement\":[{\"@type\":\"ListItem\",\"position\":1,\"name\":\"Home\",\"item\":\"https:\\\/\\\/rsjmt.com\\\/\"},{\"@type\":\"ListItem\",\"position\":2,\"name\":\"Payment\"}]},{\"@type\":\"WebSite\",\"@id\":\"https:\\\/\\\/rsjmt.com\\\/#website\",\"url\":\"https:\\\/\\\/rsjmt.com\\\/\",\"name\":\"https:\\\/\\\/www.rsjmt.com\",\"description\":\"\",\"publisher\":{\"@id\":\"https:\\\/\\\/rsjmt.com\\\/#organization\"},\"potentialAction\":[{\"@type\":\"SearchAction\",\"target\":{\"@type\":\"EntryPoint\",\"urlTemplate\":\"https:\\\/\\\/rsjmt.com\\\/?s={search_term_string}\"},\"query-input\":{\"@type\":\"PropertyValueSpecification\",\"valueRequired\":true,\"valueName\":\"search_term_string\"}}],\"inLanguage\":\"en-US\"},{\"@type\":\"Organization\",\"@id\":\"https:\\\/\\\/rsjmt.com\\\/#organization\",\"name\":\"RSJ Manangement\",\"url\":\"https:\\\/\\\/rsjmt.com\\\/\",\"logo\":{\"@type\":\"ImageObject\",\"inLanguage\":\"en-US\",\"@id\":\"https:\\\/\\\/rsjmt.com\\\/#\\\/schema\\\/logo\\\/image\\\/\",\"url\":\"https:\\\/\\\/i0.wp.com\\\/rsjmt.com\\\/wp-content\\\/uploads\\\/2024\\\/09\\\/RSJ-logo.png?fit=800%2C800&ssl=1\",\"contentUrl\":\"https:\\\/\\\/i0.wp.com\\\/rsjmt.com\\\/wp-content\\\/uploads\\\/2024\\\/09\\\/RSJ-logo.png?fit=800%2C800&ssl=1\",\"width\":800,\"height\":800,\"caption\":\"RSJ Manangement\"},\"image\":{\"@id\":\"https:\\\/\\\/rsjmt.com\\\/#\\\/schema\\\/logo\\\/image\\\/\"},\"sameAs\":[\"https:\\\/\\\/www.facebook.com\\\/profile.php?id=100063705067239\",\"https:\\\/\\\/www.instagram.com\\\/rsj_management_\\\/\"]}]}<\/script>\n<!-- \/ Yoast SEO plugin. -->","yoast_head_json":{"title":"Payment -","robots":{"index":"index","follow":"follow","max-snippet":"max-snippet:-1","max-image-preview":"max-image-preview:large","max-video-preview":"max-video-preview:-1"},"canonical":"https:\/\/rsjmt.com\/en\/payment\/","og_locale":"en_US","og_type":"article","og_title":"Payment -","og_description":"En nuestra plataforma, te ofrecemos opciones seguras y convenientes para realizar tus pagos. Para tu comodidad, aceptamos PayPal, lo que te permite hacer transacciones r\u00e1pidas y protegidas con solo unos clics. Al hacer clic en el bot\u00f3n de PayPal, ser\u00e1s redirigido a una p\u00e1gina segura para completar tu pago. \u00a1Conf\u00eda en nosotros para gestionar tu...","og_url":"https:\/\/rsjmt.com\/en\/payment\/","article_publisher":"https:\/\/www.facebook.com\/profile.php?id=100063705067239","article_modified_time":"2025-11-11T20:26:54+00:00","og_image":[{"url":"https:\/\/rsjmt.com\/wp-content\/uploads\/2024\/10\/qrcode.png","type":"","width":"","height":""}],"twitter_card":"summary_large_image","twitter_misc":{"Est. reading time":"1 minute"},"schema":{"@context":"https:\/\/schema.org","@graph":[{"@type":"WebPage","@id":"https:\/\/rsjmt.com\/payment\/","url":"https:\/\/rsjmt.com\/payment\/","name":"Payment -","isPartOf":{"@id":"https:\/\/rsjmt.com\/#website"},"primaryImageOfPage":{"@id":"https:\/\/rsjmt.com\/payment\/#primaryimage"},"image":{"@id":"https:\/\/rsjmt.com\/payment\/#primaryimage"},"thumbnailUrl":"https:\/\/rsjmt.com\/wp-content\/uploads\/2024\/10\/qrcode.png","datePublished":"2024-09-29T23:23:31+00:00","dateModified":"2025-11-11T20:26:54+00:00","breadcrumb":{"@id":"https:\/\/rsjmt.com\/payment\/#breadcrumb"},"inLanguage":"en-US","potentialAction":[{"@type":"ReadAction","target":["https:\/\/rsjmt.com\/payment\/"]}]},{"@type":"ImageObject","inLanguage":"en-US","@id":"https:\/\/rsjmt.com\/payment\/#primaryimage","url":"https:\/\/rsjmt.com\/wp-content\/uploads\/2024\/10\/qrcode.png","contentUrl":"https:\/\/rsjmt.com\/wp-content\/uploads\/2024\/10\/qrcode.png"},{"@type":"BreadcrumbList","@id":"https:\/\/rsjmt.com\/payment\/#breadcrumb","itemListElement":[{"@type":"ListItem","position":1,"name":"Home","item":"https:\/\/rsjmt.com\/"},{"@type":"ListItem","position":2,"name":"Payment"}]},{"@type":"WebSite","@id":"https:\/\/rsjmt.com\/#website","url":"https:\/\/rsjmt.com\/","name":"https:\/\/www.rsjmt.com","description":"","publisher":{"@id":"https:\/\/rsjmt.com\/#organization"},"potentialAction":[{"@type":"SearchAction","target":{"@type":"EntryPoint","urlTemplate":"https:\/\/rsjmt.com\/?s={search_term_string}"},"query-input":{"@type":"PropertyValueSpecification","valueRequired":true,"valueName":"search_term_string"}}],"inLanguage":"en-US"},{"@type":"Organization","@id":"https:\/\/rsjmt.com\/#organization","name":"RSJ Manangement","url":"https:\/\/rsjmt.com\/","logo":{"@type":"ImageObject","inLanguage":"en-US","@id":"https:\/\/rsjmt.com\/#\/schema\/logo\/image\/","url":"https:\/\/i0.wp.com\/rsjmt.com\/wp-content\/uploads\/2024\/09\/RSJ-logo.png?fit=800%2C800&ssl=1","contentUrl":"https:\/\/i0.wp.com\/rsjmt.com\/wp-content\/uploads\/2024\/09\/RSJ-logo.png?fit=800%2C800&ssl=1","width":800,"height":800,"caption":"RSJ Manangement"},"image":{"@id":"https:\/\/rsjmt.com\/#\/schema\/logo\/image\/"},"sameAs":["https:\/\/www.facebook.com\/profile.php?id=100063705067239","https:\/\/www.instagram.com\/rsj_management_\/"]}]}},"jetpack_sharing_enabled":true,"_links":{"self":[{"href":"https:\/\/rsjmt.com\/en\/wp-json\/wp\/v2\/pages\/695","targetHints":{"allow":["GET"]}}],"collection":[{"href":"https:\/\/rsjmt.com\/en\/wp-json\/wp\/v2\/pages"}],"about":[{"href":"https:\/\/rsjmt.com\/en\/wp-json\/wp\/v2\/types\/page"}],"author":[{"embeddable":true,"href":"https:\/\/rsjmt.com\/en\/wp-json\/wp\/v2\/users\/2"}],"replies":[{"embeddable":true,"href":"https:\/\/rsjmt.com\/en\/wp-json\/wp\/v2\/comments?post=695"}],"version-history":[{"count":12,"href":"https:\/\/rsjmt.com\/en\/wp-json\/wp\/v2\/pages\/695\/revisions"}],"predecessor-version":[{"id":993,"href":"https:\/\/rsjmt.com\/en\/wp-json\/wp\/v2\/pages\/695\/revisions\/993"}],"wp:attachment":[{"href":"https:\/\/rsjmt.com\/en\/wp-json\/wp\/v2\/media?parent=695"}],"curies":[{"name":"wp","href":"https:\/\/api.w.org\/{rel}","templated":true}]}}