{"id":1099,"date":"2025-12-15T20:56:19","date_gmt":"2025-12-15T20:56:19","guid":{"rendered":"https:\/\/rsjmt.com\/?post_type=product&#038;p=1099"},"modified":"2025-12-31T01:03:24","modified_gmt":"2025-12-31T01:03:24","slug":"harina-de-espelta-germinada-one-degree-organica","status":"publish","type":"product","link":"https:\/\/rsjmt.com\/en\/product\/harina-de-espelta-germinada-one-degree-organica\/","title":{"rendered":"One Degree Sprouted Spelt Flour, Organic"},"content":{"rendered":"<p>Spelt is a pure non-hybridized, nutritious ancient grain. Grown veganically, without chemicals, or animal-based fertilizers, then sprouted to maximize nutrition, digestibility and flavor.<\/p>\n<p>Spelt is a pure non-hybridized, nutritious ancient grain. Grown veganically, without chemicals, or animal-based fertilizers, then sprouted to maximize nutrition, digestibility and flavor.<\/p>\n<p>We make clean foods that are nourishing versions of your family\u2019s favorites. Our products are always organic, non-GMO, glyphosate-free, and never contain anything artificial. We love making our cereals, granolas, oats, breads, and flours with sprouted grains, legumes, and seeds for better nutrient absorption and easy digestion. Scan or enter the source code on your package to trace your meal and meet the farmers and producers behind each and every ingredient.<\/p>\n<ul>\n<li>Organic<\/li>\n<li>Non-GMO<\/li>\n<li>Kosher<\/li>\n<\/ul>","protected":false},"excerpt":{"rendered":"<p>Spelt is a pure non-hybridized, nutritious ancient grain. Grown veganically, without chemicals, or animal-based fertilizers, then sprouted to maximize nutrition, digestibility and flavor.<\/p>\n<p>Spelt is a pure non-hybridized, nutritious ancient grain. Grown veganically, without chemicals, or animal-based fertilizers, then sprouted to maximize nutrition, digestibility and flavor.<\/p>","protected":false},"featured_media":1101,"comment_status":"open","ping_status":"closed","template":"","meta":{"nf_dc_page":""},"product_brand":[],"product_cat":[26],"product_tag":[],"class_list":{"0":"post-1099","1":"product","2":"type-product","3":"status-publish","4":"has-post-thumbnail","6":"product_cat-germinados","8":"first","9":"instock","10":"shipping-taxable","11":"product-type-simple"},"yoast_head":"<!-- This site is optimized with the Yoast SEO plugin v27.4 - https:\/\/yoast.com\/product\/yoast-seo-wordpress\/ -->\n<title>Harina de espelta germinada One Degree, org\u00e1nica -<\/title>\n<meta name=\"robots\" content=\"index, follow, max-snippet:-1, max-image-preview:large, max-video-preview:-1\" \/>\n<link rel=\"canonical\" href=\"https:\/\/rsjmt.com\/en\/product\/harina-de-espelta-germinada-one-degree-organica\/\" \/>\n<meta property=\"og:locale\" content=\"en_US\" \/>\n<meta property=\"og:type\" content=\"article\" \/>\n<meta property=\"og:title\" content=\"Harina de espelta germinada One Degree, org\u00e1nica -\" \/>\n<meta property=\"og:description\" content=\"La espelta es un cereal ancestral puro, no hibridado y nutritivo. Cultivada veganamente, sin qu\u00edmicos ni fertilizantes de origen animal, y posteriormente germinada para maximizar su nutrici\u00f3n, digestibilidad y sabor.  Prepare pan y galletas con harina de este cereal ancestral y saludable. Rico en prote\u00ednas, fibra, vitaminas y minerales. La germinaci\u00f3n potencia las vitaminas y minerales clave y simplifica la digesti\u00f3n.\" \/>\n<meta property=\"og:url\" content=\"https:\/\/rsjmt.com\/en\/product\/harina-de-espelta-germinada-one-degree-organica\/\" \/>\n<meta property=\"article:publisher\" content=\"https:\/\/www.facebook.com\/profile.php?id=100063705067239\" \/>\n<meta property=\"article:modified_time\" content=\"2025-12-31T01:03:24+00:00\" \/>\n<meta property=\"og:image\" content=\"https:\/\/rsjmt.com\/wp-content\/uploads\/2025\/12\/078b4dc9-2048-4c81-9d7c-506628efd8df.jpg\" \/>\n\t<meta property=\"og:image:width\" content=\"1250\" \/>\n\t<meta property=\"og:image:height\" content=\"1250\" \/>\n\t<meta property=\"og:image:type\" content=\"image\/jpeg\" \/>\n<meta name=\"twitter:card\" content=\"summary_large_image\" \/>\n<meta name=\"twitter:label1\" content=\"Est. reading time\" \/>\n\t<meta name=\"twitter:data1\" content=\"1 minute\" \/>\n<script type=\"application\/ld+json\" class=\"yoast-schema-graph\">{\"@context\":\"https:\\\/\\\/schema.org\",\"@graph\":[{\"@type\":\"WebPage\",\"@id\":\"https:\\\/\\\/rsjmt.com\\\/product\\\/harina-de-espelta-germinada-one-degree-organica\\\/\",\"url\":\"https:\\\/\\\/rsjmt.com\\\/product\\\/harina-de-espelta-germinada-one-degree-organica\\\/\",\"name\":\"Harina de espelta germinada One Degree, org\u00e1nica -\",\"isPartOf\":{\"@id\":\"https:\\\/\\\/rsjmt.com\\\/#website\"},\"primaryImageOfPage\":{\"@id\":\"https:\\\/\\\/rsjmt.com\\\/product\\\/harina-de-espelta-germinada-one-degree-organica\\\/#primaryimage\"},\"image\":{\"@id\":\"https:\\\/\\\/rsjmt.com\\\/product\\\/harina-de-espelta-germinada-one-degree-organica\\\/#primaryimage\"},\"thumbnailUrl\":\"https:\\\/\\\/i0.wp.com\\\/rsjmt.com\\\/wp-content\\\/uploads\\\/2025\\\/12\\\/078b4dc9-2048-4c81-9d7c-506628efd8df.jpg?fit=1250%2C1250&ssl=1\",\"datePublished\":\"2025-12-15T20:56:19+00:00\",\"dateModified\":\"2025-12-31T01:03:24+00:00\",\"breadcrumb\":{\"@id\":\"https:\\\/\\\/rsjmt.com\\\/product\\\/harina-de-espelta-germinada-one-degree-organica\\\/#breadcrumb\"},\"inLanguage\":\"en-US\",\"potentialAction\":[{\"@type\":\"ReadAction\",\"target\":[\"https:\\\/\\\/rsjmt.com\\\/product\\\/harina-de-espelta-germinada-one-degree-organica\\\/\"]}]},{\"@type\":\"ImageObject\",\"inLanguage\":\"en-US\",\"@id\":\"https:\\\/\\\/rsjmt.com\\\/product\\\/harina-de-espelta-germinada-one-degree-organica\\\/#primaryimage\",\"url\":\"https:\\\/\\\/i0.wp.com\\\/rsjmt.com\\\/wp-content\\\/uploads\\\/2025\\\/12\\\/078b4dc9-2048-4c81-9d7c-506628efd8df.jpg?fit=1250%2C1250&ssl=1\",\"contentUrl\":\"https:\\\/\\\/i0.wp.com\\\/rsjmt.com\\\/wp-content\\\/uploads\\\/2025\\\/12\\\/078b4dc9-2048-4c81-9d7c-506628efd8df.jpg?fit=1250%2C1250&ssl=1\",\"width\":1250,\"height\":1250},{\"@type\":\"BreadcrumbList\",\"@id\":\"https:\\\/\\\/rsjmt.com\\\/product\\\/harina-de-espelta-germinada-one-degree-organica\\\/#breadcrumb\",\"itemListElement\":[{\"@type\":\"ListItem\",\"position\":1,\"name\":\"Home\",\"item\":\"https:\\\/\\\/rsjmt.com\\\/\"},{\"@type\":\"ListItem\",\"position\":2,\"name\":\"Shop\",\"item\":\"https:\\\/\\\/rsjmt.com\\\/shop\\\/\"},{\"@type\":\"ListItem\",\"position\":3,\"name\":\"Harina de espelta germinada One Degree, org\u00e1nica\"}]},{\"@type\":\"WebSite\",\"@id\":\"https:\\\/\\\/rsjmt.com\\\/#website\",\"url\":\"https:\\\/\\\/rsjmt.com\\\/\",\"name\":\"https:\\\/\\\/www.rsjmt.com\",\"description\":\"\",\"publisher\":{\"@id\":\"https:\\\/\\\/rsjmt.com\\\/#organization\"},\"potentialAction\":[{\"@type\":\"SearchAction\",\"target\":{\"@type\":\"EntryPoint\",\"urlTemplate\":\"https:\\\/\\\/rsjmt.com\\\/?s={search_term_string}\"},\"query-input\":{\"@type\":\"PropertyValueSpecification\",\"valueRequired\":true,\"valueName\":\"search_term_string\"}}],\"inLanguage\":\"en-US\"},{\"@type\":\"Organization\",\"@id\":\"https:\\\/\\\/rsjmt.com\\\/#organization\",\"name\":\"RSJ Manangement\",\"url\":\"https:\\\/\\\/rsjmt.com\\\/\",\"logo\":{\"@type\":\"ImageObject\",\"inLanguage\":\"en-US\",\"@id\":\"https:\\\/\\\/rsjmt.com\\\/#\\\/schema\\\/logo\\\/image\\\/\",\"url\":\"https:\\\/\\\/i0.wp.com\\\/rsjmt.com\\\/wp-content\\\/uploads\\\/2024\\\/09\\\/RSJ-logo.png?fit=800%2C800&ssl=1\",\"contentUrl\":\"https:\\\/\\\/i0.wp.com\\\/rsjmt.com\\\/wp-content\\\/uploads\\\/2024\\\/09\\\/RSJ-logo.png?fit=800%2C800&ssl=1\",\"width\":800,\"height\":800,\"caption\":\"RSJ Manangement\"},\"image\":{\"@id\":\"https:\\\/\\\/rsjmt.com\\\/#\\\/schema\\\/logo\\\/image\\\/\"},\"sameAs\":[\"https:\\\/\\\/www.facebook.com\\\/profile.php?id=100063705067239\",\"https:\\\/\\\/www.instagram.com\\\/rsj_management_\\\/\"]}]}<\/script>\n<!-- \/ Yoast SEO plugin. -->","yoast_head_json":{"title":"Harina de espelta germinada One Degree, org\u00e1nica -","robots":{"index":"index","follow":"follow","max-snippet":"max-snippet:-1","max-image-preview":"max-image-preview:large","max-video-preview":"max-video-preview:-1"},"canonical":"https:\/\/rsjmt.com\/en\/product\/harina-de-espelta-germinada-one-degree-organica\/","og_locale":"en_US","og_type":"article","og_title":"Harina de espelta germinada One Degree, org\u00e1nica -","og_description":"La espelta es un cereal ancestral puro, no hibridado y nutritivo. Cultivada veganamente, sin qu\u00edmicos ni fertilizantes de origen animal, y posteriormente germinada para maximizar su nutrici\u00f3n, digestibilidad y sabor.  Prepare pan y galletas con harina de este cereal ancestral y saludable. Rico en prote\u00ednas, fibra, vitaminas y minerales. La germinaci\u00f3n potencia las vitaminas y minerales clave y simplifica la digesti\u00f3n.","og_url":"https:\/\/rsjmt.com\/en\/product\/harina-de-espelta-germinada-one-degree-organica\/","article_publisher":"https:\/\/www.facebook.com\/profile.php?id=100063705067239","article_modified_time":"2025-12-31T01:03:24+00:00","og_image":[{"width":1250,"height":1250,"url":"https:\/\/rsjmt.com\/wp-content\/uploads\/2025\/12\/078b4dc9-2048-4c81-9d7c-506628efd8df.jpg","type":"image\/jpeg"}],"twitter_card":"summary_large_image","twitter_misc":{"Est. reading time":"1 minute"},"schema":{"@context":"https:\/\/schema.org","@graph":[{"@type":"WebPage","@id":"https:\/\/rsjmt.com\/product\/harina-de-espelta-germinada-one-degree-organica\/","url":"https:\/\/rsjmt.com\/product\/harina-de-espelta-germinada-one-degree-organica\/","name":"Harina de espelta germinada One Degree, org\u00e1nica -","isPartOf":{"@id":"https:\/\/rsjmt.com\/#website"},"primaryImageOfPage":{"@id":"https:\/\/rsjmt.com\/product\/harina-de-espelta-germinada-one-degree-organica\/#primaryimage"},"image":{"@id":"https:\/\/rsjmt.com\/product\/harina-de-espelta-germinada-one-degree-organica\/#primaryimage"},"thumbnailUrl":"https:\/\/i0.wp.com\/rsjmt.com\/wp-content\/uploads\/2025\/12\/078b4dc9-2048-4c81-9d7c-506628efd8df.jpg?fit=1250%2C1250&ssl=1","datePublished":"2025-12-15T20:56:19+00:00","dateModified":"2025-12-31T01:03:24+00:00","breadcrumb":{"@id":"https:\/\/rsjmt.com\/product\/harina-de-espelta-germinada-one-degree-organica\/#breadcrumb"},"inLanguage":"en-US","potentialAction":[{"@type":"ReadAction","target":["https:\/\/rsjmt.com\/product\/harina-de-espelta-germinada-one-degree-organica\/"]}]},{"@type":"ImageObject","inLanguage":"en-US","@id":"https:\/\/rsjmt.com\/product\/harina-de-espelta-germinada-one-degree-organica\/#primaryimage","url":"https:\/\/i0.wp.com\/rsjmt.com\/wp-content\/uploads\/2025\/12\/078b4dc9-2048-4c81-9d7c-506628efd8df.jpg?fit=1250%2C1250&ssl=1","contentUrl":"https:\/\/i0.wp.com\/rsjmt.com\/wp-content\/uploads\/2025\/12\/078b4dc9-2048-4c81-9d7c-506628efd8df.jpg?fit=1250%2C1250&ssl=1","width":1250,"height":1250},{"@type":"BreadcrumbList","@id":"https:\/\/rsjmt.com\/product\/harina-de-espelta-germinada-one-degree-organica\/#breadcrumb","itemListElement":[{"@type":"ListItem","position":1,"name":"Home","item":"https:\/\/rsjmt.com\/"},{"@type":"ListItem","position":2,"name":"Shop","item":"https:\/\/rsjmt.com\/shop\/"},{"@type":"ListItem","position":3,"name":"Harina de espelta germinada One Degree, org\u00e1nica"}]},{"@type":"WebSite","@id":"https:\/\/rsjmt.com\/#website","url":"https:\/\/rsjmt.com\/","name":"https:\/\/www.rsjmt.com","description":"","publisher":{"@id":"https:\/\/rsjmt.com\/#organization"},"potentialAction":[{"@type":"SearchAction","target":{"@type":"EntryPoint","urlTemplate":"https:\/\/rsjmt.com\/?s={search_term_string}"},"query-input":{"@type":"PropertyValueSpecification","valueRequired":true,"valueName":"search_term_string"}}],"inLanguage":"en-US"},{"@type":"Organization","@id":"https:\/\/rsjmt.com\/#organization","name":"RSJ Manangement","url":"https:\/\/rsjmt.com\/","logo":{"@type":"ImageObject","inLanguage":"en-US","@id":"https:\/\/rsjmt.com\/#\/schema\/logo\/image\/","url":"https:\/\/i0.wp.com\/rsjmt.com\/wp-content\/uploads\/2024\/09\/RSJ-logo.png?fit=800%2C800&ssl=1","contentUrl":"https:\/\/i0.wp.com\/rsjmt.com\/wp-content\/uploads\/2024\/09\/RSJ-logo.png?fit=800%2C800&ssl=1","width":800,"height":800,"caption":"RSJ Manangement"},"image":{"@id":"https:\/\/rsjmt.com\/#\/schema\/logo\/image\/"},"sameAs":["https:\/\/www.facebook.com\/profile.php?id=100063705067239","https:\/\/www.instagram.com\/rsj_management_\/"]}]}},"jetpack_sharing_enabled":true,"_links":{"self":[{"href":"https:\/\/rsjmt.com\/en\/wp-json\/wp\/v2\/product\/1099","targetHints":{"allow":["GET"]}}],"collection":[{"href":"https:\/\/rsjmt.com\/en\/wp-json\/wp\/v2\/product"}],"about":[{"href":"https:\/\/rsjmt.com\/en\/wp-json\/wp\/v2\/types\/product"}],"replies":[{"embeddable":true,"href":"https:\/\/rsjmt.com\/en\/wp-json\/wp\/v2\/comments?post=1099"}],"wp:featuredmedia":[{"embeddable":true,"href":"https:\/\/rsjmt.com\/en\/wp-json\/wp\/v2\/media\/1101"}],"wp:attachment":[{"href":"https:\/\/rsjmt.com\/en\/wp-json\/wp\/v2\/media?parent=1099"}],"wp:term":[{"taxonomy":"product_brand","embeddable":true,"href":"https:\/\/rsjmt.com\/en\/wp-json\/wp\/v2\/product_brand?post=1099"},{"taxonomy":"product_cat","embeddable":true,"href":"https:\/\/rsjmt.com\/en\/wp-json\/wp\/v2\/product_cat?post=1099"},{"taxonomy":"product_tag","embeddable":true,"href":"https:\/\/rsjmt.com\/en\/wp-json\/wp\/v2\/product_tag?post=1099"}],"curies":[{"name":"wp","href":"https:\/\/api.w.org\/{rel}","templated":true}]}}