{"id":984,"date":"2025-11-07T22:09:49","date_gmt":"2025-11-07T22:09:49","guid":{"rendered":"https:\/\/rsjmt.com\/?post_type=product&#038;p=984"},"modified":"2025-12-11T21:58:08","modified_gmt":"2025-12-11T21:58:08","slug":"arroz-basmati-integral-organico","status":"publish","type":"product","link":"https:\/\/rsjmt.com\/en\/product\/arroz-basmati-integral-organico\/","title":{"rendered":"Lundberg rice, sprouted, whole grain basmati, organic"},"content":{"rendered":"<p><img data-recalc-dims=\"1\" loading=\"lazy\" decoding=\"async\" class=\"alignnone wp-image-971\" src=\"https:\/\/i0.wp.com\/rsjmt.com\/wp-content\/uploads\/2025\/11\/Organic_Icon.webp?resize=113%2C113&#038;ssl=1\" alt=\"\" width=\"113\" height=\"113\" srcset=\"https:\/\/i0.wp.com\/rsjmt.com\/wp-content\/uploads\/2025\/11\/Organic_Icon.webp?w=80&amp;ssl=1 80w, https:\/\/i0.wp.com\/rsjmt.com\/wp-content\/uploads\/2025\/11\/Organic_Icon.webp?resize=12%2C12&amp;ssl=1 12w\" sizes=\"auto, (max-width: 113px) 100vw, 113px\" \/>\u00a0 \u00a0 \u00a0 \u00a0 <img data-recalc-dims=\"1\" loading=\"lazy\" decoding=\"async\" class=\"alignnone wp-image-972\" src=\"https:\/\/i0.wp.com\/rsjmt.com\/wp-content\/uploads\/2025\/11\/ODO-vegan-logo-icon.webp?resize=112%2C112&#038;ssl=1\" alt=\"\" width=\"112\" height=\"112\" srcset=\"https:\/\/i0.wp.com\/rsjmt.com\/wp-content\/uploads\/2025\/11\/ODO-vegan-logo-icon.webp?w=80&amp;ssl=1 80w, https:\/\/i0.wp.com\/rsjmt.com\/wp-content\/uploads\/2025\/11\/ODO-vegan-logo-icon.webp?resize=12%2C12&amp;ssl=1 12w\" sizes=\"auto, (max-width: 112px) 100vw, 112px\" \/>\u00a0 \u00a0 <img data-recalc-dims=\"1\" loading=\"lazy\" decoding=\"async\" class=\"alignnone wp-image-970\" src=\"https:\/\/i0.wp.com\/rsjmt.com\/wp-content\/uploads\/2025\/11\/NONGMO_Logo_USA.webp?resize=151%2C110&#038;ssl=1\" alt=\"\" width=\"151\" height=\"110\" srcset=\"https:\/\/i0.wp.com\/rsjmt.com\/wp-content\/uploads\/2025\/11\/NONGMO_Logo_USA.webp?w=280&amp;ssl=1 280w, https:\/\/i0.wp.com\/rsjmt.com\/wp-content\/uploads\/2025\/11\/NONGMO_Logo_USA.webp?resize=16%2C12&amp;ssl=1 16w\" sizes=\"auto, (max-width: 151px) 100vw, 151px\" \/><\/p>\n<p>&nbsp;<\/p>\n<p>California Brown Basmati has always been a family favorite for its whole grain goodness, versatility, and pleasant aroma. This long, thin grain is light and won't clump together when cooked, making it a natural fit for curry, stir-fry, salad, pilaf, and dessert recipes that call for distinct kernels with a fluffy texture.<\/p>\n<p>California Grown<\/p>\n<ul>\n<li>Organic<\/li>\n<li>Non-GMO<\/li>\n<li>Gluten Free<\/li>\n<li>Whole Grain<\/li>\n<li>Kosher<\/li>\n<li>Vegan<\/li>\n<\/ul>\n<p><strong>Directions:<\/strong><br \/>\nCombine rice, liquid, and butter or oil in a pot, and bring to a boil.<br \/>\nCover with a tight-fitting lid. Reduce heat to maintain a low simmer, and cook for 40 minutes.<br \/>\nRemove from heat (keep covered) and steam for 10 minutes. Fluff with fork and serve.<\/p>\n<p><strong>Ingredients:<\/strong><br \/>\norganic California brown basmati rice.<\/p>","protected":false},"excerpt":{"rendered":"<p>This organic whole grain basmati rice offers a mild and aromatic flavor, ideal for accompanying any meal in a healthy way.<\/p>","protected":false},"featured_media":1085,"comment_status":"open","ping_status":"closed","template":"","meta":{"nf_dc_page":""},"product_brand":[],"product_cat":[26],"product_tag":[30],"class_list":{"0":"post-984","1":"product","2":"type-product","3":"status-publish","4":"has-post-thumbnail","6":"product_cat-germinados","7":"product_tag-arroz-basmati-integral-organico","9":"first","10":"instock","11":"shipping-taxable","12":"product-type-simple"},"yoast_head":"<!-- This site is optimized with the Yoast SEO plugin v27.4 - https:\/\/yoast.com\/product\/yoast-seo-wordpress\/ -->\n<title>Arroz Lundberg, germinado, basmati integral, org\u00e1nico -<\/title>\n<meta name=\"robots\" content=\"index, follow, max-snippet:-1, max-image-preview:large, max-video-preview:-1\" \/>\n<link rel=\"canonical\" href=\"https:\/\/rsjmt.com\/en\/product\/arroz-basmati-integral-organico\/\" \/>\n<meta property=\"og:locale\" content=\"en_US\" \/>\n<meta property=\"og:type\" content=\"article\" \/>\n<meta property=\"og:title\" content=\"Arroz Lundberg, germinado, basmati integral, org\u00e1nico -\" \/>\n<meta property=\"og:description\" content=\"Este arroz basmati integral org\u00e1nico ofrece un sabor suave y arom\u00e1tico, ideal para acompa\u00f1ar cualquier comida de manera saludable.\" \/>\n<meta property=\"og:url\" content=\"https:\/\/rsjmt.com\/en\/product\/arroz-basmati-integral-organico\/\" \/>\n<meta property=\"article:publisher\" content=\"https:\/\/www.facebook.com\/profile.php?id=100063705067239\" \/>\n<meta property=\"article:modified_time\" content=\"2025-12-11T21:58:08+00:00\" \/>\n<meta property=\"og:image\" content=\"https:\/\/rsjmt.com\/wp-content\/uploads\/2025\/11\/d4634be7-5d32-4452-b8ee-d59e74f216f3.jpg\" \/>\n\t<meta property=\"og:image:width\" content=\"1250\" \/>\n\t<meta property=\"og:image:height\" content=\"1250\" \/>\n\t<meta property=\"og:image:type\" content=\"image\/jpeg\" \/>\n<meta name=\"twitter:card\" content=\"summary_large_image\" \/>\n<meta name=\"twitter:label1\" content=\"Est. reading time\" \/>\n\t<meta name=\"twitter:data1\" content=\"2 minutes\" \/>\n<script type=\"application\/ld+json\" class=\"yoast-schema-graph\">{\"@context\":\"https:\\\/\\\/schema.org\",\"@graph\":[{\"@type\":\"WebPage\",\"@id\":\"https:\\\/\\\/rsjmt.com\\\/product\\\/arroz-basmati-integral-organico\\\/\",\"url\":\"https:\\\/\\\/rsjmt.com\\\/product\\\/arroz-basmati-integral-organico\\\/\",\"name\":\"Arroz Lundberg, germinado, basmati integral, org\u00e1nico -\",\"isPartOf\":{\"@id\":\"https:\\\/\\\/rsjmt.com\\\/#website\"},\"primaryImageOfPage\":{\"@id\":\"https:\\\/\\\/rsjmt.com\\\/product\\\/arroz-basmati-integral-organico\\\/#primaryimage\"},\"image\":{\"@id\":\"https:\\\/\\\/rsjmt.com\\\/product\\\/arroz-basmati-integral-organico\\\/#primaryimage\"},\"thumbnailUrl\":\"https:\\\/\\\/i0.wp.com\\\/rsjmt.com\\\/wp-content\\\/uploads\\\/2025\\\/11\\\/d4634be7-5d32-4452-b8ee-d59e74f216f3.jpg?fit=1250%2C1250&ssl=1\",\"datePublished\":\"2025-11-07T22:09:49+00:00\",\"dateModified\":\"2025-12-11T21:58:08+00:00\",\"breadcrumb\":{\"@id\":\"https:\\\/\\\/rsjmt.com\\\/product\\\/arroz-basmati-integral-organico\\\/#breadcrumb\"},\"inLanguage\":\"en-US\",\"potentialAction\":[{\"@type\":\"ReadAction\",\"target\":[\"https:\\\/\\\/rsjmt.com\\\/product\\\/arroz-basmati-integral-organico\\\/\"]}]},{\"@type\":\"ImageObject\",\"inLanguage\":\"en-US\",\"@id\":\"https:\\\/\\\/rsjmt.com\\\/product\\\/arroz-basmati-integral-organico\\\/#primaryimage\",\"url\":\"https:\\\/\\\/i0.wp.com\\\/rsjmt.com\\\/wp-content\\\/uploads\\\/2025\\\/11\\\/d4634be7-5d32-4452-b8ee-d59e74f216f3.jpg?fit=1250%2C1250&ssl=1\",\"contentUrl\":\"https:\\\/\\\/i0.wp.com\\\/rsjmt.com\\\/wp-content\\\/uploads\\\/2025\\\/11\\\/d4634be7-5d32-4452-b8ee-d59e74f216f3.jpg?fit=1250%2C1250&ssl=1\",\"width\":1250,\"height\":1250},{\"@type\":\"BreadcrumbList\",\"@id\":\"https:\\\/\\\/rsjmt.com\\\/product\\\/arroz-basmati-integral-organico\\\/#breadcrumb\",\"itemListElement\":[{\"@type\":\"ListItem\",\"position\":1,\"name\":\"Home\",\"item\":\"https:\\\/\\\/rsjmt.com\\\/\"},{\"@type\":\"ListItem\",\"position\":2,\"name\":\"Shop\",\"item\":\"https:\\\/\\\/rsjmt.com\\\/shop\\\/\"},{\"@type\":\"ListItem\",\"position\":3,\"name\":\"Arroz Lundberg, germinado, basmati integral, org\u00e1nico\"}]},{\"@type\":\"WebSite\",\"@id\":\"https:\\\/\\\/rsjmt.com\\\/#website\",\"url\":\"https:\\\/\\\/rsjmt.com\\\/\",\"name\":\"https:\\\/\\\/www.rsjmt.com\",\"description\":\"\",\"publisher\":{\"@id\":\"https:\\\/\\\/rsjmt.com\\\/#organization\"},\"potentialAction\":[{\"@type\":\"SearchAction\",\"target\":{\"@type\":\"EntryPoint\",\"urlTemplate\":\"https:\\\/\\\/rsjmt.com\\\/?s={search_term_string}\"},\"query-input\":{\"@type\":\"PropertyValueSpecification\",\"valueRequired\":true,\"valueName\":\"search_term_string\"}}],\"inLanguage\":\"en-US\"},{\"@type\":\"Organization\",\"@id\":\"https:\\\/\\\/rsjmt.com\\\/#organization\",\"name\":\"RSJ Manangement\",\"url\":\"https:\\\/\\\/rsjmt.com\\\/\",\"logo\":{\"@type\":\"ImageObject\",\"inLanguage\":\"en-US\",\"@id\":\"https:\\\/\\\/rsjmt.com\\\/#\\\/schema\\\/logo\\\/image\\\/\",\"url\":\"https:\\\/\\\/i0.wp.com\\\/rsjmt.com\\\/wp-content\\\/uploads\\\/2024\\\/09\\\/RSJ-logo.png?fit=800%2C800&ssl=1\",\"contentUrl\":\"https:\\\/\\\/i0.wp.com\\\/rsjmt.com\\\/wp-content\\\/uploads\\\/2024\\\/09\\\/RSJ-logo.png?fit=800%2C800&ssl=1\",\"width\":800,\"height\":800,\"caption\":\"RSJ Manangement\"},\"image\":{\"@id\":\"https:\\\/\\\/rsjmt.com\\\/#\\\/schema\\\/logo\\\/image\\\/\"},\"sameAs\":[\"https:\\\/\\\/www.facebook.com\\\/profile.php?id=100063705067239\",\"https:\\\/\\\/www.instagram.com\\\/rsj_management_\\\/\"]}]}<\/script>\n<!-- \/ Yoast SEO plugin. -->","yoast_head_json":{"title":"Arroz Lundberg, germinado, basmati integral, org\u00e1nico -","robots":{"index":"index","follow":"follow","max-snippet":"max-snippet:-1","max-image-preview":"max-image-preview:large","max-video-preview":"max-video-preview:-1"},"canonical":"https:\/\/rsjmt.com\/en\/product\/arroz-basmati-integral-organico\/","og_locale":"en_US","og_type":"article","og_title":"Arroz Lundberg, germinado, basmati integral, org\u00e1nico -","og_description":"Este arroz basmati integral org\u00e1nico ofrece un sabor suave y arom\u00e1tico, ideal para acompa\u00f1ar cualquier comida de manera saludable.","og_url":"https:\/\/rsjmt.com\/en\/product\/arroz-basmati-integral-organico\/","article_publisher":"https:\/\/www.facebook.com\/profile.php?id=100063705067239","article_modified_time":"2025-12-11T21:58:08+00:00","og_image":[{"width":1250,"height":1250,"url":"https:\/\/rsjmt.com\/wp-content\/uploads\/2025\/11\/d4634be7-5d32-4452-b8ee-d59e74f216f3.jpg","type":"image\/jpeg"}],"twitter_card":"summary_large_image","twitter_misc":{"Est. reading time":"2 minutes"},"schema":{"@context":"https:\/\/schema.org","@graph":[{"@type":"WebPage","@id":"https:\/\/rsjmt.com\/product\/arroz-basmati-integral-organico\/","url":"https:\/\/rsjmt.com\/product\/arroz-basmati-integral-organico\/","name":"Arroz Lundberg, germinado, basmati integral, org\u00e1nico -","isPartOf":{"@id":"https:\/\/rsjmt.com\/#website"},"primaryImageOfPage":{"@id":"https:\/\/rsjmt.com\/product\/arroz-basmati-integral-organico\/#primaryimage"},"image":{"@id":"https:\/\/rsjmt.com\/product\/arroz-basmati-integral-organico\/#primaryimage"},"thumbnailUrl":"https:\/\/i0.wp.com\/rsjmt.com\/wp-content\/uploads\/2025\/11\/d4634be7-5d32-4452-b8ee-d59e74f216f3.jpg?fit=1250%2C1250&ssl=1","datePublished":"2025-11-07T22:09:49+00:00","dateModified":"2025-12-11T21:58:08+00:00","breadcrumb":{"@id":"https:\/\/rsjmt.com\/product\/arroz-basmati-integral-organico\/#breadcrumb"},"inLanguage":"en-US","potentialAction":[{"@type":"ReadAction","target":["https:\/\/rsjmt.com\/product\/arroz-basmati-integral-organico\/"]}]},{"@type":"ImageObject","inLanguage":"en-US","@id":"https:\/\/rsjmt.com\/product\/arroz-basmati-integral-organico\/#primaryimage","url":"https:\/\/i0.wp.com\/rsjmt.com\/wp-content\/uploads\/2025\/11\/d4634be7-5d32-4452-b8ee-d59e74f216f3.jpg?fit=1250%2C1250&ssl=1","contentUrl":"https:\/\/i0.wp.com\/rsjmt.com\/wp-content\/uploads\/2025\/11\/d4634be7-5d32-4452-b8ee-d59e74f216f3.jpg?fit=1250%2C1250&ssl=1","width":1250,"height":1250},{"@type":"BreadcrumbList","@id":"https:\/\/rsjmt.com\/product\/arroz-basmati-integral-organico\/#breadcrumb","itemListElement":[{"@type":"ListItem","position":1,"name":"Home","item":"https:\/\/rsjmt.com\/"},{"@type":"ListItem","position":2,"name":"Shop","item":"https:\/\/rsjmt.com\/shop\/"},{"@type":"ListItem","position":3,"name":"Arroz Lundberg, germinado, basmati integral, org\u00e1nico"}]},{"@type":"WebSite","@id":"https:\/\/rsjmt.com\/#website","url":"https:\/\/rsjmt.com\/","name":"https:\/\/www.rsjmt.com","description":"","publisher":{"@id":"https:\/\/rsjmt.com\/#organization"},"potentialAction":[{"@type":"SearchAction","target":{"@type":"EntryPoint","urlTemplate":"https:\/\/rsjmt.com\/?s={search_term_string}"},"query-input":{"@type":"PropertyValueSpecification","valueRequired":true,"valueName":"search_term_string"}}],"inLanguage":"en-US"},{"@type":"Organization","@id":"https:\/\/rsjmt.com\/#organization","name":"RSJ Manangement","url":"https:\/\/rsjmt.com\/","logo":{"@type":"ImageObject","inLanguage":"en-US","@id":"https:\/\/rsjmt.com\/#\/schema\/logo\/image\/","url":"https:\/\/i0.wp.com\/rsjmt.com\/wp-content\/uploads\/2024\/09\/RSJ-logo.png?fit=800%2C800&ssl=1","contentUrl":"https:\/\/i0.wp.com\/rsjmt.com\/wp-content\/uploads\/2024\/09\/RSJ-logo.png?fit=800%2C800&ssl=1","width":800,"height":800,"caption":"RSJ Manangement"},"image":{"@id":"https:\/\/rsjmt.com\/#\/schema\/logo\/image\/"},"sameAs":["https:\/\/www.facebook.com\/profile.php?id=100063705067239","https:\/\/www.instagram.com\/rsj_management_\/"]}]}},"jetpack_sharing_enabled":true,"_links":{"self":[{"href":"https:\/\/rsjmt.com\/en\/wp-json\/wp\/v2\/product\/984","targetHints":{"allow":["GET"]}}],"collection":[{"href":"https:\/\/rsjmt.com\/en\/wp-json\/wp\/v2\/product"}],"about":[{"href":"https:\/\/rsjmt.com\/en\/wp-json\/wp\/v2\/types\/product"}],"replies":[{"embeddable":true,"href":"https:\/\/rsjmt.com\/en\/wp-json\/wp\/v2\/comments?post=984"}],"wp:featuredmedia":[{"embeddable":true,"href":"https:\/\/rsjmt.com\/en\/wp-json\/wp\/v2\/media\/1085"}],"wp:attachment":[{"href":"https:\/\/rsjmt.com\/en\/wp-json\/wp\/v2\/media?parent=984"}],"wp:term":[{"taxonomy":"product_brand","embeddable":true,"href":"https:\/\/rsjmt.com\/en\/wp-json\/wp\/v2\/product_brand?post=984"},{"taxonomy":"product_cat","embeddable":true,"href":"https:\/\/rsjmt.com\/en\/wp-json\/wp\/v2\/product_cat?post=984"},{"taxonomy":"product_tag","embeddable":true,"href":"https:\/\/rsjmt.com\/en\/wp-json\/wp\/v2\/product_tag?post=984"}],"curies":[{"name":"wp","href":"https:\/\/api.w.org\/{rel}","templated":true}]}}